{"id":4003,"date":"2025-05-09T16:59:29","date_gmt":"2025-05-09T08:59:29","guid":{"rendered":"https:\/\/cciola-fashion.com\/product\/womens-puffy-parka-jacket-with-stand-collar-manufacturer\/"},"modified":"2025-05-26T17:23:38","modified_gmt":"2025-05-26T09:23:38","slug":"fabricante-de-jaqueta-parka-feminina-acolchoada-com-gola-alta","status":"publish","type":"product","link":"https:\/\/cciola-fashion.com\/pt\/fabricante-de-jaqueta-parka-feminina-acolchoada-com-gola-alta-html","title":{"rendered":"Fabricante de jaqueta parka feminina acolchoada com gola alta"},"content":{"rendered":"<p>A parte central frontal \u00e9 fechada com um z\u00edper de vislon preto de ponta dupla, e h\u00e1 fechos de z\u00edper em ambos os lados da jaqueta, permitindo que voc\u00ea se mova livremente ao us\u00e1-la; h\u00e1 dois bot\u00f5es de press\u00e3o em cada lado dos bolsos da jaqueta; h\u00e1 um cinto na cintura feito do mesmo material do tecido do corpo principal, que pode ajustar a vers\u00e3o da jaqueta para que ela se adapte melhor ao formato do corpo do usu\u00e1rio.<\/p>","protected":false},"excerpt":{"rendered":"<p>Esta pe\u00e7a \u00e9 uma jaqueta puffer azul-marinho escura com um design elegante. \u00c9 feita de material brilhante, o que torna o visual geral mais atraente. A jaqueta puffer tem gola alta, que protege bem o pesco\u00e7o do vento frio. Ao mesmo tempo, tamb\u00e9m vem com um cinto que pode ser ajustado para modelar o corpo ideal.<\/p>","protected":false},"featured_media":4132,"template":"","meta":[],"product_brand":[],"product_cat":[218],"product_tag":[223],"class_list":{"0":"post-4003","1":"product","2":"type-product","3":"status-publish","4":"has-post-thumbnail","6":"product_cat-ladies-padded-jacket-ladies-clothing-2","7":"product_tag-womens-puffy-parka-jacket-with-stand-collar-manufacturer","9":"first","10":"instock","11":"shipping-taxable","12":"product-type-simple"},"_links":{"self":[{"href":"https:\/\/cciola-fashion.com\/pt\/wp-json\/wp\/v2\/product\/4003","targetHints":{"allow":["GET"]}}],"collection":[{"href":"https:\/\/cciola-fashion.com\/pt\/wp-json\/wp\/v2\/product"}],"about":[{"href":"https:\/\/cciola-fashion.com\/pt\/wp-json\/wp\/v2\/types\/product"}],"version-history":[{"count":1,"href":"https:\/\/cciola-fashion.com\/pt\/wp-json\/wp\/v2\/product\/4003\/revisions"}],"predecessor-version":[{"id":4134,"href":"https:\/\/cciola-fashion.com\/pt\/wp-json\/wp\/v2\/product\/4003\/revisions\/4134"}],"wp:featuredmedia":[{"embeddable":true,"href":"https:\/\/cciola-fashion.com\/pt\/wp-json\/wp\/v2\/media\/4132"}],"wp:attachment":[{"href":"https:\/\/cciola-fashion.com\/pt\/wp-json\/wp\/v2\/media?parent=4003"}],"wp:term":[{"taxonomy":"product_brand","embeddable":true,"href":"https:\/\/cciola-fashion.com\/pt\/wp-json\/wp\/v2\/product_brand?post=4003"},{"taxonomy":"product_cat","embeddable":true,"href":"https:\/\/cciola-fashion.com\/pt\/wp-json\/wp\/v2\/product_cat?post=4003"},{"taxonomy":"product_tag","embeddable":true,"href":"https:\/\/cciola-fashion.com\/pt\/wp-json\/wp\/v2\/product_tag?post=4003"}],"curies":[{"name":"wp","href":"https:\/\/api.w.org\/{rel}","templated":true}]}}