{"id":4002,"date":"2025-05-09T16:59:29","date_gmt":"2025-05-09T08:59:29","guid":{"rendered":"https:\/\/cciola-fashion.com\/product\/thin-puffer-jacket-mens-2-ways-to-wear-padded-jacket-manufacturer\/"},"modified":"2025-05-26T18:15:27","modified_gmt":"2025-05-26T10:15:27","slug":"thin-puffer-jacket-mens-2-ways-to-wear-padded-jacket-manufacturer","status":"publish","type":"product","link":"https:\/\/cciola-fashion.com\/pt\/thin-puffer-jacket-mens-2-ways-to-wear-padded-jacket-manufacturer.html","title":{"rendered":"Jaqueta acolchoada fina masculina: 2 maneiras de usar o fabricante de jaqueta acolchoada"},"content":{"rendered":"<p>A jaqueta tem gola alta e uma pequena gola alta. Os bolsos em ambos os lados da jaqueta s\u00e3o de debrum, com design e corte exclusivos.<\/p>","protected":false},"excerpt":{"rendered":"<p>As mangas desta jaqueta masculina leve s\u00e3o remov\u00edveis. Ela pode ser usada de duas maneiras: como camada externa ou interna, o que \u00e9 muito pr\u00e1tico.<\/p>","protected":false},"featured_media":4159,"template":"","meta":[],"product_brand":[],"product_cat":[218],"product_tag":[262],"class_list":{"0":"post-4002","1":"product","2":"type-product","3":"status-publish","4":"has-post-thumbnail","6":"product_cat-ladies-padded-jacket-ladies-clothing-2","7":"product_tag-thin-puffer-jacket-mens-2-ways-to-wear-padded-jacket-manufacturer-2","9":"first","10":"instock","11":"shipping-taxable","12":"product-type-simple"},"_links":{"self":[{"href":"https:\/\/cciola-fashion.com\/pt\/wp-json\/wp\/v2\/product\/4002","targetHints":{"allow":["GET"]}}],"collection":[{"href":"https:\/\/cciola-fashion.com\/pt\/wp-json\/wp\/v2\/product"}],"about":[{"href":"https:\/\/cciola-fashion.com\/pt\/wp-json\/wp\/v2\/types\/product"}],"version-history":[{"count":1,"href":"https:\/\/cciola-fashion.com\/pt\/wp-json\/wp\/v2\/product\/4002\/revisions"}],"predecessor-version":[{"id":4162,"href":"https:\/\/cciola-fashion.com\/pt\/wp-json\/wp\/v2\/product\/4002\/revisions\/4162"}],"wp:featuredmedia":[{"embeddable":true,"href":"https:\/\/cciola-fashion.com\/pt\/wp-json\/wp\/v2\/media\/4159"}],"wp:attachment":[{"href":"https:\/\/cciola-fashion.com\/pt\/wp-json\/wp\/v2\/media?parent=4002"}],"wp:term":[{"taxonomy":"product_brand","embeddable":true,"href":"https:\/\/cciola-fashion.com\/pt\/wp-json\/wp\/v2\/product_brand?post=4002"},{"taxonomy":"product_cat","embeddable":true,"href":"https:\/\/cciola-fashion.com\/pt\/wp-json\/wp\/v2\/product_cat?post=4002"},{"taxonomy":"product_tag","embeddable":true,"href":"https:\/\/cciola-fashion.com\/pt\/wp-json\/wp\/v2\/product_tag?post=4002"}],"curies":[{"name":"wp","href":"https:\/\/api.w.org\/{rel}","templated":true}]}}