{"id":4001,"date":"2025-05-09T16:59:29","date_gmt":"2025-05-09T08:59:29","guid":{"rendered":"https:\/\/cciola-fashion.com\/product\/high-quality-puffer-jacket-womens-manufacturer-contrast-color\/"},"modified":"2025-05-26T18:13:22","modified_gmt":"2025-05-26T10:13:22","slug":"high-quality-puffer-jacket-womens-manufacturer-contrast-color","status":"publish","type":"product","link":"https:\/\/cciola-fashion.com\/pt\/high-quality-puffer-jacket-womens-manufacturer-contrast-color.html","title":{"rendered":"Jaqueta Puffer Feminina de Alta Qualidade, Fabricante de Cor Contrastante"},"content":{"rendered":"<p>Bolsos com dois fechos de bot\u00e3o de press\u00e3o; punhos com dois pares de canelados; bainha inferior com ajuste de el\u00e1stico e cord\u00e3o integrados.<\/p>","protected":false},"excerpt":{"rendered":"<p>Esta jaqueta \u00e9 um degrad\u00ea amarelo fluorescente e cinza com um design \u00fanico e em camadas. A jaqueta tem gola alta, que protege bem o pesco\u00e7o do vento frio e tamb\u00e9m adiciona um toque de estilo.<\/p>","protected":false},"featured_media":4156,"template":"","meta":[],"product_brand":[],"product_cat":[218],"product_tag":[221],"class_list":{"0":"post-4001","1":"product","2":"type-product","3":"status-publish","4":"has-post-thumbnail","6":"product_cat-ladies-padded-jacket-ladies-clothing-2","7":"product_tag-high-quality-puffer-jacket-womens-manufacturer-contrast-color","9":"first","10":"instock","11":"shipping-taxable","12":"product-type-simple"},"_links":{"self":[{"href":"https:\/\/cciola-fashion.com\/pt\/wp-json\/wp\/v2\/product\/4001","targetHints":{"allow":["GET"]}}],"collection":[{"href":"https:\/\/cciola-fashion.com\/pt\/wp-json\/wp\/v2\/product"}],"about":[{"href":"https:\/\/cciola-fashion.com\/pt\/wp-json\/wp\/v2\/types\/product"}],"version-history":[{"count":1,"href":"https:\/\/cciola-fashion.com\/pt\/wp-json\/wp\/v2\/product\/4001\/revisions"}],"predecessor-version":[{"id":4158,"href":"https:\/\/cciola-fashion.com\/pt\/wp-json\/wp\/v2\/product\/4001\/revisions\/4158"}],"wp:featuredmedia":[{"embeddable":true,"href":"https:\/\/cciola-fashion.com\/pt\/wp-json\/wp\/v2\/media\/4156"}],"wp:attachment":[{"href":"https:\/\/cciola-fashion.com\/pt\/wp-json\/wp\/v2\/media?parent=4001"}],"wp:term":[{"taxonomy":"product_brand","embeddable":true,"href":"https:\/\/cciola-fashion.com\/pt\/wp-json\/wp\/v2\/product_brand?post=4001"},{"taxonomy":"product_cat","embeddable":true,"href":"https:\/\/cciola-fashion.com\/pt\/wp-json\/wp\/v2\/product_cat?post=4001"},{"taxonomy":"product_tag","embeddable":true,"href":"https:\/\/cciola-fashion.com\/pt\/wp-json\/wp\/v2\/product_tag?post=4001"}],"curies":[{"name":"wp","href":"https:\/\/api.w.org\/{rel}","templated":true}]}}