{"id":4000,"date":"2025-05-09T16:59:29","date_gmt":"2025-05-09T08:59:29","guid":{"rendered":"https:\/\/cciola-fashion.com\/product\/lightweight-quilted-jacket-womens-manufacturer-pink-padded-jacket\/"},"modified":"2025-05-26T18:10:31","modified_gmt":"2025-05-26T10:10:31","slug":"lightweight-quilted-jacket-womens-manufacturer-pink-padded-jacket","status":"publish","type":"product","link":"https:\/\/cciola-fashion.com\/pt\/lightweight-quilted-jacket-womens-manufacturer-pink-padded-jacket.html","title":{"rendered":"Jaqueta acolchoada leve feminina, fabricante de jaqueta acolchoada rosa"},"content":{"rendered":"<p>Fecho de z\u00edper CF vislon; os bolsos laterais s\u00e3o projetados com bolsos invis\u00edveis; h\u00e1 uma etiqueta de borracha na manga esquerda, que pode ser personalizada; o z\u00edper tem um design de capa de z\u00edper.<\/p>","protected":false},"excerpt":{"rendered":"<p>A jaqueta \u00e9 feita de tecido de alta qualidade, \u00e0 prova de vento e \u00e1gua. O corte da jaqueta se ajusta \u00e0 cintura e \u00e9 especialmente projetado para mulheres. Ela proporciona aquecimento e um visual incr\u00edvel.<\/p>","protected":false},"featured_media":4153,"template":"","meta":[],"product_brand":[],"product_cat":[218],"product_tag":[220],"class_list":{"0":"post-4000","1":"product","2":"type-product","3":"status-publish","4":"has-post-thumbnail","6":"product_cat-ladies-padded-jacket-ladies-clothing-2","7":"product_tag-lightweight-quilted-jacket-womens-manufacturer-pink-padded-jacket","9":"first","10":"instock","11":"shipping-taxable","12":"product-type-simple"},"_links":{"self":[{"href":"https:\/\/cciola-fashion.com\/pt\/wp-json\/wp\/v2\/product\/4000","targetHints":{"allow":["GET"]}}],"collection":[{"href":"https:\/\/cciola-fashion.com\/pt\/wp-json\/wp\/v2\/product"}],"about":[{"href":"https:\/\/cciola-fashion.com\/pt\/wp-json\/wp\/v2\/types\/product"}],"version-history":[{"count":1,"href":"https:\/\/cciola-fashion.com\/pt\/wp-json\/wp\/v2\/product\/4000\/revisions"}],"predecessor-version":[{"id":4155,"href":"https:\/\/cciola-fashion.com\/pt\/wp-json\/wp\/v2\/product\/4000\/revisions\/4155"}],"wp:featuredmedia":[{"embeddable":true,"href":"https:\/\/cciola-fashion.com\/pt\/wp-json\/wp\/v2\/media\/4153"}],"wp:attachment":[{"href":"https:\/\/cciola-fashion.com\/pt\/wp-json\/wp\/v2\/media?parent=4000"}],"wp:term":[{"taxonomy":"product_brand","embeddable":true,"href":"https:\/\/cciola-fashion.com\/pt\/wp-json\/wp\/v2\/product_brand?post=4000"},{"taxonomy":"product_cat","embeddable":true,"href":"https:\/\/cciola-fashion.com\/pt\/wp-json\/wp\/v2\/product_cat?post=4000"},{"taxonomy":"product_tag","embeddable":true,"href":"https:\/\/cciola-fashion.com\/pt\/wp-json\/wp\/v2\/product_tag?post=4000"}],"curies":[{"name":"wp","href":"https:\/\/api.w.org\/{rel}","templated":true}]}}