{"id":3999,"date":"2025-05-09T16:59:29","date_gmt":"2025-05-09T08:59:29","guid":{"rendered":"https:\/\/cciola-fashion.com\/product\/wholesalers-womens-light-quilted-padded-jacket-manufacturers\/"},"modified":"2025-05-26T17:43:50","modified_gmt":"2025-05-26T09:43:50","slug":"fabricantes-atacadistas-de-jaquetas-acolchoadas-leves-femininas","status":"publish","type":"product","link":"https:\/\/cciola-fashion.com\/pt\/wholesalers-womens-light-quilted-padded-jacket-manufacturers.html","title":{"rendered":"Fabricantes de jaquetas acolchoadas leves femininas para atacado"},"content":{"rendered":"<p>Design de lapela; bolso inferior com fecho de dois bot\u00f5es; design de z\u00edper oculto no CF; faixas el\u00e1sticas na bainha e z\u00edper CF; fita el\u00e1stica dentro dos punhos para proteger do vento e do frio.<\/p>","protected":false},"excerpt":{"rendered":"<p>Esta \u00e9 uma jaqueta verde fluorescente com um design \u00fanico e vibrante. Ela utiliza tecido macio e confort\u00e1vel com acolchoamento em formato de caba\u00e7a, o que n\u00e3o s\u00f3 aumenta a durabilidade da jaqueta, como tamb\u00e9m lhe confere um toque de estilo.<\/p>","protected":false},"featured_media":4150,"template":"","meta":[],"product_brand":[],"product_cat":[218],"product_tag":[219],"class_list":{"0":"post-3999","1":"product","2":"type-product","3":"status-publish","4":"has-post-thumbnail","6":"product_cat-ladies-padded-jacket-ladies-clothing-2","7":"product_tag-wholesalers-womens-light-quilted-padded-jacket-manufacturers","9":"first","10":"instock","11":"shipping-taxable","12":"product-type-simple"},"_links":{"self":[{"href":"https:\/\/cciola-fashion.com\/pt\/wp-json\/wp\/v2\/product\/3999","targetHints":{"allow":["GET"]}}],"collection":[{"href":"https:\/\/cciola-fashion.com\/pt\/wp-json\/wp\/v2\/product"}],"about":[{"href":"https:\/\/cciola-fashion.com\/pt\/wp-json\/wp\/v2\/types\/product"}],"version-history":[{"count":1,"href":"https:\/\/cciola-fashion.com\/pt\/wp-json\/wp\/v2\/product\/3999\/revisions"}],"predecessor-version":[{"id":4152,"href":"https:\/\/cciola-fashion.com\/pt\/wp-json\/wp\/v2\/product\/3999\/revisions\/4152"}],"wp:featuredmedia":[{"embeddable":true,"href":"https:\/\/cciola-fashion.com\/pt\/wp-json\/wp\/v2\/media\/4150"}],"wp:attachment":[{"href":"https:\/\/cciola-fashion.com\/pt\/wp-json\/wp\/v2\/media?parent=3999"}],"wp:term":[{"taxonomy":"product_brand","embeddable":true,"href":"https:\/\/cciola-fashion.com\/pt\/wp-json\/wp\/v2\/product_brand?post=3999"},{"taxonomy":"product_cat","embeddable":true,"href":"https:\/\/cciola-fashion.com\/pt\/wp-json\/wp\/v2\/product_cat?post=3999"},{"taxonomy":"product_tag","embeddable":true,"href":"https:\/\/cciola-fashion.com\/pt\/wp-json\/wp\/v2\/product_tag?post=3999"}],"curies":[{"name":"wp","href":"https:\/\/api.w.org\/{rel}","templated":true}]}}