{"id":3996,"date":"2025-05-09T16:59:29","date_gmt":"2025-05-09T08:59:29","guid":{"rendered":"https:\/\/cciola-fashion.com\/product\/mens-two-2-tone-hi-viz-reflective-waterproof-padded-workwear-manufacturer\/"},"modified":"2025-05-26T17:37:35","modified_gmt":"2025-05-26T09:37:35","slug":"mens-two-2-tone-hi-viz-reflective-waterproof-padded-workwear-manufacturer","status":"publish","type":"product","link":"https:\/\/cciola-fashion.com\/pt\/mens-two-2-tone-hi-viz-reflective-waterproof-padded-workwear-manufacturer.html","title":{"rendered":"Fabricante de roupas de trabalho masculinas acolchoadas, imperme\u00e1veis e refletivas de alta visibilidade, com dois tons"},"content":{"rendered":"<p>Gola alta e capuz; dois bolsos nas laterais e um bolso no peito direito; fecho de z\u00edper CF e bot\u00e3o de press\u00e3o.<\/p>","protected":false},"excerpt":{"rendered":"<p>A jaqueta externa \u00e9 imperme\u00e1vel, com costuras costuradas e seladas. \u00c0 prova de vento. Capuz remov\u00edvel e oculto. Z\u00edper de comprimento total com aba de bot\u00e3o de press\u00e3o. Duas faixas refletivas ao redor do corpo, mangas e uma em cada ombro.<\/p>","protected":false},"featured_media":4142,"template":"","meta":[],"product_brand":[],"product_cat":[171],"product_tag":[212],"class_list":{"0":"post-3996","1":"product","2":"type-product","3":"status-publish","4":"has-post-thumbnail","6":"product_cat-workwear","7":"product_tag-mens-two-2-tone-hi-viz-reflective-waterproof-padded-workwear-manufacturer","9":"first","10":"instock","11":"shipping-taxable","12":"product-type-simple"},"_links":{"self":[{"href":"https:\/\/cciola-fashion.com\/pt\/wp-json\/wp\/v2\/product\/3996","targetHints":{"allow":["GET"]}}],"collection":[{"href":"https:\/\/cciola-fashion.com\/pt\/wp-json\/wp\/v2\/product"}],"about":[{"href":"https:\/\/cciola-fashion.com\/pt\/wp-json\/wp\/v2\/types\/product"}],"version-history":[{"count":1,"href":"https:\/\/cciola-fashion.com\/pt\/wp-json\/wp\/v2\/product\/3996\/revisions"}],"predecessor-version":[{"id":4144,"href":"https:\/\/cciola-fashion.com\/pt\/wp-json\/wp\/v2\/product\/3996\/revisions\/4144"}],"wp:featuredmedia":[{"embeddable":true,"href":"https:\/\/cciola-fashion.com\/pt\/wp-json\/wp\/v2\/media\/4142"}],"wp:attachment":[{"href":"https:\/\/cciola-fashion.com\/pt\/wp-json\/wp\/v2\/media?parent=3996"}],"wp:term":[{"taxonomy":"product_brand","embeddable":true,"href":"https:\/\/cciola-fashion.com\/pt\/wp-json\/wp\/v2\/product_brand?post=3996"},{"taxonomy":"product_cat","embeddable":true,"href":"https:\/\/cciola-fashion.com\/pt\/wp-json\/wp\/v2\/product_cat?post=3996"},{"taxonomy":"product_tag","embeddable":true,"href":"https:\/\/cciola-fashion.com\/pt\/wp-json\/wp\/v2\/product_tag?post=3996"}],"curies":[{"name":"wp","href":"https:\/\/api.w.org\/{rel}","templated":true}]}}