{"id":3994,"date":"2025-05-09T16:59:29","date_gmt":"2025-05-09T08:59:29","guid":{"rendered":"https:\/\/cciola-fashion.com\/product\/black-techwear-bomber-jacket-manufacturer-cyberpunk-style\/"},"modified":"2025-05-23T18:50:09","modified_gmt":"2025-05-23T10:50:09","slug":"black-techwear-bomber-jacket-manufacturer-cyberpunk-style","status":"publish","type":"product","link":"https:\/\/cciola-fashion.com\/pt\/black-techwear-bomber-jacket-manufacturer-cyberpunk-style.html","title":{"rendered":"Fabricante de jaqueta bomber Techwear preta estilo cyberpunk"},"content":{"rendered":"<p>Os punhos e a bainha desta jaqueta bomber s\u00e3o feitos de costura el\u00e1stica canelada, que n\u00e3o s\u00f3 mant\u00e9m o calor, mas tamb\u00e9m torna o formato geral mais elegante; o z\u00edper central frontal \u00e9 fechado com um z\u00edper vislon, que \u00e9 f\u00e1cil de colocar e tirar; Muitos acess\u00f3rios n\u00e3o funcionais s\u00e3o usados nas cavas, no centro das costas e nos pontos dos ombros para destacar o estilo tecnol\u00f3gico futurista.<\/p>","protected":false},"excerpt":{"rendered":"<p>A jaqueta \u00e9 desenhada com impress\u00e3o digital de diferentes elementos, cheia de estilo cyberpunk, e pode ser usada tanto por homens quanto por mulheres.<\/p>","protected":false},"featured_media":4126,"template":"","meta":[],"product_brand":[],"product_cat":[170],"product_tag":[210],"class_list":{"0":"post-3994","1":"product","2":"type-product","3":"status-publish","4":"has-post-thumbnail","6":"product_cat-mens-jacket","7":"product_tag-black-techwear-bomber-jacket-manufacturer-cyberpunk-style","9":"first","10":"instock","11":"shipping-taxable","12":"product-type-simple"},"_links":{"self":[{"href":"https:\/\/cciola-fashion.com\/pt\/wp-json\/wp\/v2\/product\/3994","targetHints":{"allow":["GET"]}}],"collection":[{"href":"https:\/\/cciola-fashion.com\/pt\/wp-json\/wp\/v2\/product"}],"about":[{"href":"https:\/\/cciola-fashion.com\/pt\/wp-json\/wp\/v2\/types\/product"}],"version-history":[{"count":1,"href":"https:\/\/cciola-fashion.com\/pt\/wp-json\/wp\/v2\/product\/3994\/revisions"}],"predecessor-version":[{"id":4128,"href":"https:\/\/cciola-fashion.com\/pt\/wp-json\/wp\/v2\/product\/3994\/revisions\/4128"}],"wp:featuredmedia":[{"embeddable":true,"href":"https:\/\/cciola-fashion.com\/pt\/wp-json\/wp\/v2\/media\/4126"}],"wp:attachment":[{"href":"https:\/\/cciola-fashion.com\/pt\/wp-json\/wp\/v2\/media?parent=3994"}],"wp:term":[{"taxonomy":"product_brand","embeddable":true,"href":"https:\/\/cciola-fashion.com\/pt\/wp-json\/wp\/v2\/product_brand?post=3994"},{"taxonomy":"product_cat","embeddable":true,"href":"https:\/\/cciola-fashion.com\/pt\/wp-json\/wp\/v2\/product_cat?post=3994"},{"taxonomy":"product_tag","embeddable":true,"href":"https:\/\/cciola-fashion.com\/pt\/wp-json\/wp\/v2\/product_tag?post=3994"}],"curies":[{"name":"wp","href":"https:\/\/api.w.org\/{rel}","templated":true}]}}