{"id":3992,"date":"2025-05-09T16:59:28","date_gmt":"2025-05-09T08:59:28","guid":{"rendered":"https:\/\/cciola-fashion.com\/product\/yellow-splatter-paint-jacket-manufacturer-with-hooded\/"},"modified":"2025-05-27T11:13:09","modified_gmt":"2025-05-27T03:13:09","slug":"fabricante-de-jaqueta-de-tinta-amarela-com-capuz","status":"publish","type":"product","link":"https:\/\/cciola-fashion.com\/pt\/yellow-splatter-paint-jacket-manufacturer-with-hooded.html","title":{"rendered":"Fabricante de jaqueta de tinta amarela com capuz"},"content":{"rendered":"<p>A jaqueta tem design de bainha el\u00e1stica na bainha inferior e nos punhos, com fitas el\u00e1sticas integradas para criar um efeito plissado e evitar a entrada de vento frio; o centro frontal e os bolsos s\u00e3o fechados com z\u00edperes de n\u00e1ilon e t\u00eam correias como passadores de z\u00edper<\/p>","protected":false},"excerpt":{"rendered":"<p>Esta jaqueta esportiva amarela \u00e9 brilhante e ousada na cor, com um design laminado por toda parte, tornando-a imperme\u00e1vel e \u00e0 prova de vento, al\u00e9m de muito pr\u00e1tica.<\/p>","protected":false},"featured_media":4184,"template":"","meta":[],"product_brand":[],"product_cat":[170],"product_tag":[205,206,207,208],"class_list":{"0":"post-3992","1":"product","2":"type-product","3":"status-publish","4":"has-post-thumbnail","6":"product_cat-mens-jacket","7":"product_tag-yellow-splatter-paint-jacket-manufacturer-with-hooded","8":"product_tag-china-yellow-splatter-paint-jacket-manufacturer-with-hooded-manufacturers","9":"product_tag-suppliers","10":"product_tag-factory","12":"first","13":"instock","14":"shipping-taxable","15":"product-type-simple"},"_links":{"self":[{"href":"https:\/\/cciola-fashion.com\/pt\/wp-json\/wp\/v2\/product\/3992","targetHints":{"allow":["GET"]}}],"collection":[{"href":"https:\/\/cciola-fashion.com\/pt\/wp-json\/wp\/v2\/product"}],"about":[{"href":"https:\/\/cciola-fashion.com\/pt\/wp-json\/wp\/v2\/types\/product"}],"version-history":[{"count":1,"href":"https:\/\/cciola-fashion.com\/pt\/wp-json\/wp\/v2\/product\/3992\/revisions"}],"predecessor-version":[{"id":4186,"href":"https:\/\/cciola-fashion.com\/pt\/wp-json\/wp\/v2\/product\/3992\/revisions\/4186"}],"wp:featuredmedia":[{"embeddable":true,"href":"https:\/\/cciola-fashion.com\/pt\/wp-json\/wp\/v2\/media\/4184"}],"wp:attachment":[{"href":"https:\/\/cciola-fashion.com\/pt\/wp-json\/wp\/v2\/media?parent=3992"}],"wp:term":[{"taxonomy":"product_brand","embeddable":true,"href":"https:\/\/cciola-fashion.com\/pt\/wp-json\/wp\/v2\/product_brand?post=3992"},{"taxonomy":"product_cat","embeddable":true,"href":"https:\/\/cciola-fashion.com\/pt\/wp-json\/wp\/v2\/product_cat?post=3992"},{"taxonomy":"product_tag","embeddable":true,"href":"https:\/\/cciola-fashion.com\/pt\/wp-json\/wp\/v2\/product_tag?post=3992"}],"curies":[{"name":"wp","href":"https:\/\/api.w.org\/{rel}","templated":true}]}}