{"id":3990,"date":"2025-05-09T16:59:28","date_gmt":"2025-05-09T08:59:28","guid":{"rendered":"https:\/\/cciola-fashion.com\/product\/wholesales-blue-and-white-windbreaker-jacket-manufacturers\/"},"modified":"2025-05-27T11:19:56","modified_gmt":"2025-05-27T03:19:56","slug":"wholesales-blue-and-white-windbreaker-jacket-manufacturers","status":"publish","type":"product","link":"https:\/\/cciola-fashion.com\/pt\/wholesales-blue-and-white-windbreaker-jacket-manufacturers.html","title":{"rendered":"Fabricantes de jaquetas corta-vento azuis e vermelhas por atacado"},"content":{"rendered":"<p>Este corta-vento possui costuras em cores contrastantes e pode ser usado como um pul\u00f4ver, tornando-o adequado para ocasi\u00f5es esportivas casuais. Esta jaqueta esportiva tornou-se a escolha ideal para ocasi\u00f5es casuais e esportivas com sua combina\u00e7\u00e3o de cores exclusiva, detalhes pr\u00e1ticos e estilo simples e elegante. Gola alta, el\u00e1sticos embutidos nos punhos e na bainha, z\u00edper imperme\u00e1vel na parte frontal central.<\/p>","protected":false},"excerpt":{"rendered":"<p>Esta \u00e9 uma jaqueta corta-vento. Oferecemos servi\u00e7o OEM. Quantidade m\u00ednima: 500 pe\u00e7as<\/p>","protected":false},"featured_media":4189,"template":"","meta":[],"product_brand":[],"product_cat":[170],"product_tag":[202],"class_list":{"0":"post-3990","1":"product","2":"type-product","3":"status-publish","4":"has-post-thumbnail","6":"product_cat-mens-jacket","7":"product_tag-wholesales-blue-and-white-windbreaker-jacket-manufacturers","9":"first","10":"instock","11":"shipping-taxable","12":"product-type-simple"},"_links":{"self":[{"href":"https:\/\/cciola-fashion.com\/pt\/wp-json\/wp\/v2\/product\/3990","targetHints":{"allow":["GET"]}}],"collection":[{"href":"https:\/\/cciola-fashion.com\/pt\/wp-json\/wp\/v2\/product"}],"about":[{"href":"https:\/\/cciola-fashion.com\/pt\/wp-json\/wp\/v2\/types\/product"}],"version-history":[{"count":3,"href":"https:\/\/cciola-fashion.com\/pt\/wp-json\/wp\/v2\/product\/3990\/revisions"}],"predecessor-version":[{"id":4191,"href":"https:\/\/cciola-fashion.com\/pt\/wp-json\/wp\/v2\/product\/3990\/revisions\/4191"}],"wp:featuredmedia":[{"embeddable":true,"href":"https:\/\/cciola-fashion.com\/pt\/wp-json\/wp\/v2\/media\/4189"}],"wp:attachment":[{"href":"https:\/\/cciola-fashion.com\/pt\/wp-json\/wp\/v2\/media?parent=3990"}],"wp:term":[{"taxonomy":"product_brand","embeddable":true,"href":"https:\/\/cciola-fashion.com\/pt\/wp-json\/wp\/v2\/product_brand?post=3990"},{"taxonomy":"product_cat","embeddable":true,"href":"https:\/\/cciola-fashion.com\/pt\/wp-json\/wp\/v2\/product_cat?post=3990"},{"taxonomy":"product_tag","embeddable":true,"href":"https:\/\/cciola-fashion.com\/pt\/wp-json\/wp\/v2\/product_tag?post=3990"}],"curies":[{"name":"wp","href":"https:\/\/api.w.org\/{rel}","templated":true}]}}