{"id":3988,"date":"2025-05-09T16:59:28","date_gmt":"2025-05-09T08:59:28","guid":{"rendered":"https:\/\/cciola-fashion.com\/product\/best-puffer-jacket-mens-quilted-jacket-manufacturer\/"},"modified":"2025-05-27T11:08:32","modified_gmt":"2025-05-27T03:08:32","slug":"best-puffer-jacket-mens-quilted-jacket-manufacturer","status":"publish","type":"product","link":"https:\/\/cciola-fashion.com\/pt\/best-puffer-jacket-mens-quilted-jacket-manufacturer.html","title":{"rendered":"Melhor fabricante de jaquetas acolchoadas masculinas"},"content":{"rendered":"<p>O forro da jaqueta \u00e9 feito com o mesmo acabamento do corpo.<br \/>\nOs z\u00edperes do CF e dos bolsos s\u00e3o feitos do mesmo material que o z\u00edper de metal, e as costuras acolchoadas t\u00eam um efeito amassado, tornando a jaqueta mais casual.<\/p>","protected":false},"excerpt":{"rendered":"<p>Esta jaqueta puffer azul-marinho escura \u00e9 perfeita para o outono e o inverno. Possui gola alta, que n\u00e3o s\u00f3 \u00e9 estilosa, como tamb\u00e9m protege o pesco\u00e7o do frio com efic\u00e1cia.<\/p>","protected":false},"featured_media":4177,"template":"","meta":[],"product_brand":[],"product_cat":[169],"product_tag":[197,198],"class_list":{"0":"post-3988","1":"product","2":"type-product","3":"status-publish","4":"has-post-thumbnail","6":"product_cat-mens-padded-jacket","7":"product_tag-best-puffer-jacket-mens-quilted-jacket-manufacturer","8":"product_tag-china-best-puffer-jacket-mens-quilted-jacket-manufacturer-manufacturers","10":"first","11":"instock","12":"shipping-taxable","13":"product-type-simple"},"_links":{"self":[{"href":"https:\/\/cciola-fashion.com\/pt\/wp-json\/wp\/v2\/product\/3988","targetHints":{"allow":["GET"]}}],"collection":[{"href":"https:\/\/cciola-fashion.com\/pt\/wp-json\/wp\/v2\/product"}],"about":[{"href":"https:\/\/cciola-fashion.com\/pt\/wp-json\/wp\/v2\/types\/product"}],"version-history":[{"count":1,"href":"https:\/\/cciola-fashion.com\/pt\/wp-json\/wp\/v2\/product\/3988\/revisions"}],"predecessor-version":[{"id":4180,"href":"https:\/\/cciola-fashion.com\/pt\/wp-json\/wp\/v2\/product\/3988\/revisions\/4180"}],"wp:featuredmedia":[{"embeddable":true,"href":"https:\/\/cciola-fashion.com\/pt\/wp-json\/wp\/v2\/media\/4177"}],"wp:attachment":[{"href":"https:\/\/cciola-fashion.com\/pt\/wp-json\/wp\/v2\/media?parent=3988"}],"wp:term":[{"taxonomy":"product_brand","embeddable":true,"href":"https:\/\/cciola-fashion.com\/pt\/wp-json\/wp\/v2\/product_brand?post=3988"},{"taxonomy":"product_cat","embeddable":true,"href":"https:\/\/cciola-fashion.com\/pt\/wp-json\/wp\/v2\/product_cat?post=3988"},{"taxonomy":"product_tag","embeddable":true,"href":"https:\/\/cciola-fashion.com\/pt\/wp-json\/wp\/v2\/product_tag?post=3988"}],"curies":[{"name":"wp","href":"https:\/\/api.w.org\/{rel}","templated":true}]}}