{"id":3986,"date":"2025-05-09T16:59:28","date_gmt":"2025-05-09T08:59:28","guid":{"rendered":"https:\/\/cciola-fashion.com\/product\/dark-navy-padded-jacket-mens-manufacturer-with-hooded\/"},"modified":"2025-05-27T10:52:20","modified_gmt":"2025-05-27T02:52:20","slug":"dark-navy-padded-jacket-mens-manufacturer-with-hooded","status":"publish","type":"product","link":"https:\/\/cciola-fashion.com\/pt\/dark-navy-padded-jacket-mens-manufacturer-with-hooded.html","title":{"rendered":"Fabricante de jaqueta acolchoada masculina azul marinho escuro com capuz"},"content":{"rendered":"<p>O z\u00edper central frontal do vislon \u00e9 fechado com um design toothrope, o que torna mais f\u00e1cil colocar e tirar; os bolsos em ambos os lados da jaqueta s\u00e3o fechados com z\u00edperes ocultos, e o tecido do bolso \u00e9 feito do mesmo tecido do forro; a bainha inferior e os punhos t\u00eam um design de borda adicional.<\/p>","protected":false},"excerpt":{"rendered":"<p>Esta jaqueta acolchoada azul-marinho escura se destaca por seu visual macio, design com capuz, estilo simples e materiais e acabamento de alta qualidade. \u00c9 perfeita para usar no inverno frio, mantendo voc\u00ea aquecido e estiloso.<\/p>","protected":false},"featured_media":4169,"template":"","meta":[],"product_brand":[],"product_cat":[169],"product_tag":[194],"class_list":{"0":"post-3986","1":"product","2":"type-product","3":"status-publish","4":"has-post-thumbnail","6":"product_cat-mens-padded-jacket","7":"product_tag-dark-navy-padded-jacket-mens-manufacturer-with-hoodedchina-dark-navy-padded-jacket-mens-manufacturer","9":"first","10":"instock","11":"shipping-taxable","12":"product-type-simple"},"_links":{"self":[{"href":"https:\/\/cciola-fashion.com\/pt\/wp-json\/wp\/v2\/product\/3986","targetHints":{"allow":["GET"]}}],"collection":[{"href":"https:\/\/cciola-fashion.com\/pt\/wp-json\/wp\/v2\/product"}],"about":[{"href":"https:\/\/cciola-fashion.com\/pt\/wp-json\/wp\/v2\/types\/product"}],"version-history":[{"count":1,"href":"https:\/\/cciola-fashion.com\/pt\/wp-json\/wp\/v2\/product\/3986\/revisions"}],"predecessor-version":[{"id":4171,"href":"https:\/\/cciola-fashion.com\/pt\/wp-json\/wp\/v2\/product\/3986\/revisions\/4171"}],"wp:featuredmedia":[{"embeddable":true,"href":"https:\/\/cciola-fashion.com\/pt\/wp-json\/wp\/v2\/media\/4169"}],"wp:attachment":[{"href":"https:\/\/cciola-fashion.com\/pt\/wp-json\/wp\/v2\/media?parent=3986"}],"wp:term":[{"taxonomy":"product_brand","embeddable":true,"href":"https:\/\/cciola-fashion.com\/pt\/wp-json\/wp\/v2\/product_brand?post=3986"},{"taxonomy":"product_cat","embeddable":true,"href":"https:\/\/cciola-fashion.com\/pt\/wp-json\/wp\/v2\/product_cat?post=3986"},{"taxonomy":"product_tag","embeddable":true,"href":"https:\/\/cciola-fashion.com\/pt\/wp-json\/wp\/v2\/product_tag?post=3986"}],"curies":[{"name":"wp","href":"https:\/\/api.w.org\/{rel}","templated":true}]}}