{"id":3984,"date":"2025-05-09T16:59:28","date_gmt":"2025-05-09T08:59:28","guid":{"rendered":"https:\/\/cciola-fashion.com\/product\/mens-ski-jacket-manufacturer-quilted-ripstop-snow-jacket\/"},"modified":"2025-05-09T16:59:28","modified_gmt":"2025-05-09T08:59:28","slug":"mens-ski-jacket-manufacturer-quilted-ripstop-snow-jacket","status":"publish","type":"product","link":"https:\/\/cciola-fashion.com\/pt\/mens-ski-jacket-manufacturer-quilted-ripstop-snow-jacket.html","title":{"rendered":"Fabricante de jaquetas de esqui masculinas Jaqueta de neve acolchoada Ripstop"},"content":{"rendered":"<p>Os z\u00edperes frontais centrais e da bainha s\u00e3o \u00e0 prova d&#039;\u00e1gua; os z\u00edperes dos bolsos internos s\u00e3o invis\u00edveis.<\/p>\n<p>O decote tem um design de cord\u00e3o e \u00e9 fixado com um dispositivo de cord\u00e3o; as mangas s\u00e3o caneladas para proteger do vento e do frio.<\/p>","protected":false},"excerpt":{"rendered":"<p>A jaqueta \u00e9 feita de tecido imperme\u00e1vel e corta-vento de alta qualidade, ideal para aventuras ao ar livre. A gola \u00e9 de flanela, que se ajusta ao pesco\u00e7o e \u00e9 muito quente. O forro da jaqueta \u00e9 densamente acolchoado e mant\u00e9m o calor de forma eficaz.<\/p>","protected":false},"featured_media":0,"template":"","meta":[],"product_brand":[],"product_cat":[169],"product_tag":[191],"class_list":{"0":"post-3984","1":"product","2":"type-product","3":"status-publish","5":"product_cat-mens-padded-jacket","6":"product_tag-mens-ski-jacket-manufacturer-quilted-ripstop-snow-jacket","8":"first","9":"instock","10":"shipping-taxable","11":"product-type-simple"},"_links":{"self":[{"href":"https:\/\/cciola-fashion.com\/pt\/wp-json\/wp\/v2\/product\/3984","targetHints":{"allow":["GET"]}}],"collection":[{"href":"https:\/\/cciola-fashion.com\/pt\/wp-json\/wp\/v2\/product"}],"about":[{"href":"https:\/\/cciola-fashion.com\/pt\/wp-json\/wp\/v2\/types\/product"}],"version-history":[{"count":0,"href":"https:\/\/cciola-fashion.com\/pt\/wp-json\/wp\/v2\/product\/3984\/revisions"}],"wp:attachment":[{"href":"https:\/\/cciola-fashion.com\/pt\/wp-json\/wp\/v2\/media?parent=3984"}],"wp:term":[{"taxonomy":"product_brand","embeddable":true,"href":"https:\/\/cciola-fashion.com\/pt\/wp-json\/wp\/v2\/product_brand?post=3984"},{"taxonomy":"product_cat","embeddable":true,"href":"https:\/\/cciola-fashion.com\/pt\/wp-json\/wp\/v2\/product_cat?post=3984"},{"taxonomy":"product_tag","embeddable":true,"href":"https:\/\/cciola-fashion.com\/pt\/wp-json\/wp\/v2\/product_tag?post=3984"}],"curies":[{"name":"wp","href":"https:\/\/api.w.org\/{rel}","templated":true}]}}