{"id":3983,"date":"2025-05-09T16:59:27","date_gmt":"2025-05-09T08:59:27","guid":{"rendered":"https:\/\/cciola-fashion.com\/product\/mens-hooded-puffer-jacket-manufacturer-solid-outerwear\/"},"modified":"2025-05-26T18:32:51","modified_gmt":"2025-05-26T10:32:51","slug":"mens-hooded-puffer-jacket-manufacturer-solid-outerwear","status":"publish","type":"product","link":"https:\/\/cciola-fashion.com\/pt\/mens-hooded-puffer-jacket-manufacturer-solid-outerwear.html","title":{"rendered":"Fabricante de jaquetas acolchoadas com capuz masculinas, agasalhos s\u00f3lidos"},"content":{"rendered":"<p>Bolsos CF e laterais fechados com z\u00edperes vislon; Bolsos laterais com z\u00edperes bidirecionais para fechar ambos os bolsos; Punhos com costura canelada; Design de cord\u00e3o el\u00e1stico na bainha com efeito plissado; Capuz fixo com passa-cord\u00e3o.<\/p>","protected":false},"excerpt":{"rendered":"<p>Esta jaqueta tem um \u00f3timo efeito acolchoado, que a mant\u00e9m quente e \u00e0 prova de vento. A aba do capuz \u00e9 costurada com flanela para adicionar um toque de design. Jaqueta acolchoada com capuz e acabamento brilhante.<\/p>","protected":false},"featured_media":4166,"template":"","meta":[],"product_brand":[],"product_cat":[169],"product_tag":[190],"class_list":{"0":"post-3983","1":"product","2":"type-product","3":"status-publish","4":"has-post-thumbnail","6":"product_cat-mens-padded-jacket","7":"product_tag-mens-hooded-puffer-jacket-manufacturer-solid-outerwear","9":"first","10":"instock","11":"shipping-taxable","12":"product-type-simple"},"_links":{"self":[{"href":"https:\/\/cciola-fashion.com\/pt\/wp-json\/wp\/v2\/product\/3983","targetHints":{"allow":["GET"]}}],"collection":[{"href":"https:\/\/cciola-fashion.com\/pt\/wp-json\/wp\/v2\/product"}],"about":[{"href":"https:\/\/cciola-fashion.com\/pt\/wp-json\/wp\/v2\/types\/product"}],"version-history":[{"count":1,"href":"https:\/\/cciola-fashion.com\/pt\/wp-json\/wp\/v2\/product\/3983\/revisions"}],"predecessor-version":[{"id":4168,"href":"https:\/\/cciola-fashion.com\/pt\/wp-json\/wp\/v2\/product\/3983\/revisions\/4168"}],"wp:featuredmedia":[{"embeddable":true,"href":"https:\/\/cciola-fashion.com\/pt\/wp-json\/wp\/v2\/media\/4166"}],"wp:attachment":[{"href":"https:\/\/cciola-fashion.com\/pt\/wp-json\/wp\/v2\/media?parent=3983"}],"wp:term":[{"taxonomy":"product_brand","embeddable":true,"href":"https:\/\/cciola-fashion.com\/pt\/wp-json\/wp\/v2\/product_brand?post=3983"},{"taxonomy":"product_cat","embeddable":true,"href":"https:\/\/cciola-fashion.com\/pt\/wp-json\/wp\/v2\/product_cat?post=3983"},{"taxonomy":"product_tag","embeddable":true,"href":"https:\/\/cciola-fashion.com\/pt\/wp-json\/wp\/v2\/product_tag?post=3983"}],"curies":[{"name":"wp","href":"https:\/\/api.w.org\/{rel}","templated":true}]}}