{"id":4491,"date":"2025-07-15T15:00:02","date_gmt":"2025-07-15T07:00:02","guid":{"rendered":"https:\/\/cciola-fashion.com\/?post_type=product&#038;p=4491"},"modified":"2025-07-15T15:00:02","modified_gmt":"2025-07-15T07:00:02","slug":"red-double-sided-vest","status":"publish","type":"product","link":"https:\/\/cciola-fashion.com\/es\/red-double-sided-vest.html","title":{"rendered":"Chaleco rojo de doble cara"},"content":{"rendered":"<p>Este es un chaleco rojo de doble cara. Su color rojo brillante es muy llamativo.<\/p>\n<p>El estilo es un dise\u00f1o de cuello alto, que puede resistir el viento fr\u00edo hasta cierto punto y aumentar la calidez del cuello.<\/p>\n<p>Hay una cremallera en el medio para ponerlo y quitarlo f\u00e1cilmente.<\/p>\n<p>Hay un logotipo \u201cPIONEER\u201d negro en el pecho izquierdo, que aumenta el reconocimiento de la marca y el sentido de dise\u00f1o de la ropa.<\/p>\n<p>Hay l\u00edneas de acolchado obvias en la superficie del chaleco, que forman un compartimento horizontal para fijar el relleno de plum\u00f3n en el interior y evitar que se corra.<\/p>\n<p>Adem\u00e1s, hay bolsillos en ambos lados del chaleco para colocar f\u00e1cilmente art\u00edculos peque\u00f1os.<\/p>\n<p>Este chaleco acolchado es adecuado para usar solo para mostrar vitalidad, y tambi\u00e9n se puede combinar con blusas de manga larga, su\u00e9teres, etc. para agregar una capa c\u00e1lida en climas fr\u00edos.<\/p>","protected":false},"excerpt":{"rendered":"<p>Podemos ofrecer servicio OEM\/ODM.<\/p>\n<p>Carcasa: poli\u00e9ster 100%<\/p>\n<p>Forro: poli\u00e9ster 100%<\/p>\n<p>Cantidad m\u00ednima de pedido: 500 piezas<\/p>","protected":false},"featured_media":4492,"template":"","meta":[],"product_brand":[],"product_cat":[169],"product_tag":[],"class_list":{"0":"post-4491","1":"product","2":"type-product","3":"status-publish","4":"has-post-thumbnail","6":"product_cat-mens-padded-jacket","8":"first","9":"instock","10":"shipping-taxable","11":"product-type-simple"},"_links":{"self":[{"href":"https:\/\/cciola-fashion.com\/es\/wp-json\/wp\/v2\/product\/4491","targetHints":{"allow":["GET"]}}],"collection":[{"href":"https:\/\/cciola-fashion.com\/es\/wp-json\/wp\/v2\/product"}],"about":[{"href":"https:\/\/cciola-fashion.com\/es\/wp-json\/wp\/v2\/types\/product"}],"version-history":[{"count":1,"href":"https:\/\/cciola-fashion.com\/es\/wp-json\/wp\/v2\/product\/4491\/revisions"}],"predecessor-version":[{"id":4497,"href":"https:\/\/cciola-fashion.com\/es\/wp-json\/wp\/v2\/product\/4491\/revisions\/4497"}],"wp:featuredmedia":[{"embeddable":true,"href":"https:\/\/cciola-fashion.com\/es\/wp-json\/wp\/v2\/media\/4492"}],"wp:attachment":[{"href":"https:\/\/cciola-fashion.com\/es\/wp-json\/wp\/v2\/media?parent=4491"}],"wp:term":[{"taxonomy":"product_brand","embeddable":true,"href":"https:\/\/cciola-fashion.com\/es\/wp-json\/wp\/v2\/product_brand?post=4491"},{"taxonomy":"product_cat","embeddable":true,"href":"https:\/\/cciola-fashion.com\/es\/wp-json\/wp\/v2\/product_cat?post=4491"},{"taxonomy":"product_tag","embeddable":true,"href":"https:\/\/cciola-fashion.com\/es\/wp-json\/wp\/v2\/product_tag?post=4491"}],"curies":[{"name":"wp","href":"https:\/\/api.w.org\/{rel}","templated":true}]}}