{"id":4474,"date":"2025-07-15T14:12:20","date_gmt":"2025-07-15T06:12:20","guid":{"rendered":"https:\/\/cciola-fashion.com\/?post_type=product&#038;p=4474"},"modified":"2025-07-15T14:47:03","modified_gmt":"2025-07-15T06:47:03","slug":"chaqueta-acolchada-con-bloques-de-color-para-ninos","status":"publish","type":"product","link":"https:\/\/cciola-fashion.com\/es\/chaqueta-acolchada-con-bloques-de-color-para-ninos-html","title":{"rendered":"Chaqueta acolchada con bloques de color para ni\u00f1o"},"content":{"rendered":"<p>Esta es una chaqueta acolchada con bloques de color para ni\u00f1o, con negro y gris como colores principales, y el dise\u00f1o de patchwork agrega un toque de moda.<\/p>\n<p>El estilo con capucha puede resistir el viento fr\u00edo, la cremallera de la tapeta es f\u00e1cil de poner y quitar, y hay un bolsillo con cremallera con una etiqueta roja en el lado izquierdo.<\/p>\n<p>Es pr\u00e1ctico y hermoso, relleno de material de imitaci\u00f3n de plum\u00f3n, buena retenci\u00f3n de calor, adecuado para que los ni\u00f1os lo usen en climas fr\u00edos.<\/p>","protected":false},"excerpt":{"rendered":"<p>Podemos ofrecer servicio OEM\/ODM.<\/p>\n<p>Carcasa: poli\u00e9ster 100%<\/p>\n<p>Forro: poli\u00e9ster 100%<\/p>\n<p>Cantidad m\u00ednima de pedido: 500 piezas<\/p>","protected":false},"featured_media":4475,"template":"","meta":[],"product_brand":[],"product_cat":[181],"product_tag":[],"class_list":{"0":"post-4474","1":"product","2":"type-product","3":"status-publish","4":"has-post-thumbnail","6":"product_cat-boys-padded-jacket","8":"first","9":"instock","10":"shipping-taxable","11":"product-type-simple"},"_links":{"self":[{"href":"https:\/\/cciola-fashion.com\/es\/wp-json\/wp\/v2\/product\/4474","targetHints":{"allow":["GET"]}}],"collection":[{"href":"https:\/\/cciola-fashion.com\/es\/wp-json\/wp\/v2\/product"}],"about":[{"href":"https:\/\/cciola-fashion.com\/es\/wp-json\/wp\/v2\/types\/product"}],"version-history":[{"count":1,"href":"https:\/\/cciola-fashion.com\/es\/wp-json\/wp\/v2\/product\/4474\/revisions"}],"predecessor-version":[{"id":4481,"href":"https:\/\/cciola-fashion.com\/es\/wp-json\/wp\/v2\/product\/4474\/revisions\/4481"}],"wp:featuredmedia":[{"embeddable":true,"href":"https:\/\/cciola-fashion.com\/es\/wp-json\/wp\/v2\/media\/4475"}],"wp:attachment":[{"href":"https:\/\/cciola-fashion.com\/es\/wp-json\/wp\/v2\/media?parent=4474"}],"wp:term":[{"taxonomy":"product_brand","embeddable":true,"href":"https:\/\/cciola-fashion.com\/es\/wp-json\/wp\/v2\/product_brand?post=4474"},{"taxonomy":"product_cat","embeddable":true,"href":"https:\/\/cciola-fashion.com\/es\/wp-json\/wp\/v2\/product_cat?post=4474"},{"taxonomy":"product_tag","embeddable":true,"href":"https:\/\/cciola-fashion.com\/es\/wp-json\/wp\/v2\/product_tag?post=4474"}],"curies":[{"name":"wp","href":"https:\/\/api.w.org\/{rel}","templated":true}]}}