{"id":4469,"date":"2025-07-03T17:37:22","date_gmt":"2025-07-03T09:37:22","guid":{"rendered":"https:\/\/cciola-fashion.com\/?post_type=product&#038;p=4469"},"modified":"2025-07-03T17:37:23","modified_gmt":"2025-07-03T09:37:23","slug":"womens-puffer-jacket","status":"publish","type":"product","link":"https:\/\/cciola-fashion.com\/es\/womens-puffer-jacket.html","title":{"rendered":"Chaqueta acolchada para mujer"},"content":{"rendered":"<p>Esta es una chaqueta acolchada para mujer, toda ella es de color amarillo brillante y el dise\u00f1o de cuello alto puede resistir el viento fr\u00edo.<\/p>\n<p>El proceso de acolchado se utiliza para formar un relleno de bloque regular, que es esponjoso y completo, y es c\u00e1lido y moderno.<\/p>\n<p>La tapeta tiene botones de metal para agregar una sensaci\u00f3n de refinamiento, y hay un cord\u00f3n en la cintura, que se puede ajustar libremente para dar forma a diferentes l\u00edneas del cuerpo.<\/p>\n<p>Hay bolsillos con cremallera en ambos lados, que son pr\u00e1cticos y hermosos.<\/p>\n<p>Tambi\u00e9n hay peque\u00f1as etiquetas de cuero en las mangas para realzar la textura de los detalles.<\/p>\n<p>Es simple y generoso sin perder el dise\u00f1o, adecuado para una variedad de escenas de uso diario.<\/p>","protected":false},"excerpt":{"rendered":"<p>Podemos ofrecer servicio OEM\/ODM.<\/p>\n<p>Carcasa: nailon 100%<\/p>\n<p>Forro: poli\u00e9ster 100%<\/p>\n<p>Cantidad m\u00ednima de pedido: 500 piezas<\/p>","protected":false},"featured_media":4470,"template":"","meta":[],"product_brand":[],"product_cat":[218],"product_tag":[],"class_list":{"0":"post-4469","1":"product","2":"type-product","3":"status-publish","4":"has-post-thumbnail","6":"product_cat-ladies-padded-jacket-ladies-clothing-2","8":"first","9":"instock","10":"shipping-taxable","11":"product-type-simple"},"_links":{"self":[{"href":"https:\/\/cciola-fashion.com\/es\/wp-json\/wp\/v2\/product\/4469","targetHints":{"allow":["GET"]}}],"collection":[{"href":"https:\/\/cciola-fashion.com\/es\/wp-json\/wp\/v2\/product"}],"about":[{"href":"https:\/\/cciola-fashion.com\/es\/wp-json\/wp\/v2\/types\/product"}],"version-history":[{"count":1,"href":"https:\/\/cciola-fashion.com\/es\/wp-json\/wp\/v2\/product\/4469\/revisions"}],"predecessor-version":[{"id":4472,"href":"https:\/\/cciola-fashion.com\/es\/wp-json\/wp\/v2\/product\/4469\/revisions\/4472"}],"wp:featuredmedia":[{"embeddable":true,"href":"https:\/\/cciola-fashion.com\/es\/wp-json\/wp\/v2\/media\/4470"}],"wp:attachment":[{"href":"https:\/\/cciola-fashion.com\/es\/wp-json\/wp\/v2\/media?parent=4469"}],"wp:term":[{"taxonomy":"product_brand","embeddable":true,"href":"https:\/\/cciola-fashion.com\/es\/wp-json\/wp\/v2\/product_brand?post=4469"},{"taxonomy":"product_cat","embeddable":true,"href":"https:\/\/cciola-fashion.com\/es\/wp-json\/wp\/v2\/product_cat?post=4469"},{"taxonomy":"product_tag","embeddable":true,"href":"https:\/\/cciola-fashion.com\/es\/wp-json\/wp\/v2\/product_tag?post=4469"}],"curies":[{"name":"wp","href":"https:\/\/api.w.org\/{rel}","templated":true}]}}