{"id":4464,"date":"2025-07-03T17:16:55","date_gmt":"2025-07-03T09:16:55","guid":{"rendered":"https:\/\/cciola-fashion.com\/?post_type=product&#038;p=4464"},"modified":"2025-07-03T17:16:55","modified_gmt":"2025-07-03T09:16:55","slug":"girls-padding-jacket-3","status":"publish","type":"product","link":"https:\/\/cciola-fashion.com\/es\/girls-padding-jacket-3.html","title":{"rendered":"Chaqueta acolchada para ni\u00f1a"},"content":{"rendered":"<p>Se trata de una chaqueta acolchada para ni\u00f1a con azul marino como color base y patrones de lunares con estampado l\u00e1ser completo.<\/p>\n<p>Es colorido y brillante, moderno y llamativo. Su dise\u00f1o con capucha se puede quitar f\u00e1cilmente para adaptarse a diferentes estilos y escenas.<\/p>\n<p>La versi\u00f3n corta est\u00e1 combinada con tecnolog\u00eda de acolchado, que est\u00e1 repleta de relleno, retiene bien el calor y es elegante y pulcra.<\/p>\n<p>La cremallera es f\u00e1cil de poner y quitar y el cabezal de tiro tiene forma de coraz\u00f3n.<\/p>\n<p>El dise\u00f1o general es a la vez infantil y pr\u00e1ctico, y es un art\u00edculo lindo adecuado para que los ni\u00f1os lo usen en invierno.<\/p>","protected":false},"excerpt":{"rendered":"<p>Podemos ofrecer servicio OEM\/ODM.<\/p>\n<p>Carcasa: poli\u00e9ster 100%<\/p>\n<p>Forro: poli\u00e9ster 100%<\/p>\n<p>Cantidad m\u00ednima de pedido: 500 piezas<\/p>","protected":false},"featured_media":4465,"template":"","meta":[],"product_brand":[],"product_cat":[230],"product_tag":[],"class_list":{"0":"post-4464","1":"product","2":"type-product","3":"status-publish","4":"has-post-thumbnail","6":"product_cat-grls-padded-jacket","8":"first","9":"instock","10":"shipping-taxable","11":"product-type-simple"},"_links":{"self":[{"href":"https:\/\/cciola-fashion.com\/es\/wp-json\/wp\/v2\/product\/4464","targetHints":{"allow":["GET"]}}],"collection":[{"href":"https:\/\/cciola-fashion.com\/es\/wp-json\/wp\/v2\/product"}],"about":[{"href":"https:\/\/cciola-fashion.com\/es\/wp-json\/wp\/v2\/types\/product"}],"version-history":[{"count":1,"href":"https:\/\/cciola-fashion.com\/es\/wp-json\/wp\/v2\/product\/4464\/revisions"}],"predecessor-version":[{"id":4468,"href":"https:\/\/cciola-fashion.com\/es\/wp-json\/wp\/v2\/product\/4464\/revisions\/4468"}],"wp:featuredmedia":[{"embeddable":true,"href":"https:\/\/cciola-fashion.com\/es\/wp-json\/wp\/v2\/media\/4465"}],"wp:attachment":[{"href":"https:\/\/cciola-fashion.com\/es\/wp-json\/wp\/v2\/media?parent=4464"}],"wp:term":[{"taxonomy":"product_brand","embeddable":true,"href":"https:\/\/cciola-fashion.com\/es\/wp-json\/wp\/v2\/product_brand?post=4464"},{"taxonomy":"product_cat","embeddable":true,"href":"https:\/\/cciola-fashion.com\/es\/wp-json\/wp\/v2\/product_cat?post=4464"},{"taxonomy":"product_tag","embeddable":true,"href":"https:\/\/cciola-fashion.com\/es\/wp-json\/wp\/v2\/product_tag?post=4464"}],"curies":[{"name":"wp","href":"https:\/\/api.w.org\/{rel}","templated":true}]}}