{"id":4456,"date":"2025-07-03T17:12:31","date_gmt":"2025-07-03T09:12:31","guid":{"rendered":"https:\/\/cciola-fashion.com\/?post_type=product&#038;p=4456"},"modified":"2025-07-03T17:12:31","modified_gmt":"2025-07-03T09:12:31","slug":"mens-quilted-windbreaker","status":"publish","type":"product","link":"https:\/\/cciola-fashion.com\/es\/mens-quilted-windbreaker.html","title":{"rendered":"Cortavientos acolchado para hombre"},"content":{"rendered":"<p>Se trata de una cazadora acolchada para hombre en color negro cl\u00e1sico, sencilla y elegante.<\/p>\n<p>La tela est\u00e1 hecha de sarga gruesa, c\u00e1lida, impermeable y cortavientos, ideal para climas fr\u00edos. El cuello interior y el forro de la espalda est\u00e1n cubiertos de terciopelo, c\u00e1lido y c\u00f3modo. Los pu\u00f1os est\u00e1n acanalados y ofrecen un efecto cortavientos.<\/p>\n<p>El gorro es desmontable para adaptarse a diferentes estilos de uso. Los bolsillos delanteros, central y laterales, cuentan con cremalleras met\u00e1licas que realzan su textura. La tapeta tiene dos cierres a presi\u00f3n. En el interior, dos hebillas. El bolsillo interior inferior izquierdo presenta un parche estampado, que duplica el cierre central a presi\u00f3n y con cremallera, lo que resulta c\u00e1lido y pr\u00e1ctico.<\/p>\n<p>El dise\u00f1o de l\u00ednea divisoria le da un aspecto m\u00e1s tridimensional. Es ideal para desplazamientos diarios, actividades al aire libre, etc. Es una prenda de invierno que combina funcionalidad y moda.<\/p>","protected":false},"excerpt":{"rendered":"<p>Podemos ofrecer servicio OEM\/ODM.<\/p>\n<p>Carcasa: poli\u00e9ster 100%<\/p>\n<p>Forro: poli\u00e9ster 100%<\/p>\n<p>Cantidad m\u00ednima de pedido: 500 piezas<\/p>","protected":false},"featured_media":4457,"template":"","meta":[],"product_brand":[],"product_cat":[37],"product_tag":[],"class_list":{"0":"post-4456","1":"product","2":"type-product","3":"status-publish","4":"has-post-thumbnail","6":"product_cat-mens-clothing","8":"first","9":"instock","10":"shipping-taxable","11":"product-type-simple"},"_links":{"self":[{"href":"https:\/\/cciola-fashion.com\/es\/wp-json\/wp\/v2\/product\/4456","targetHints":{"allow":["GET"]}}],"collection":[{"href":"https:\/\/cciola-fashion.com\/es\/wp-json\/wp\/v2\/product"}],"about":[{"href":"https:\/\/cciola-fashion.com\/es\/wp-json\/wp\/v2\/types\/product"}],"version-history":[{"count":1,"href":"https:\/\/cciola-fashion.com\/es\/wp-json\/wp\/v2\/product\/4456\/revisions"}],"predecessor-version":[{"id":4463,"href":"https:\/\/cciola-fashion.com\/es\/wp-json\/wp\/v2\/product\/4456\/revisions\/4463"}],"wp:featuredmedia":[{"embeddable":true,"href":"https:\/\/cciola-fashion.com\/es\/wp-json\/wp\/v2\/media\/4457"}],"wp:attachment":[{"href":"https:\/\/cciola-fashion.com\/es\/wp-json\/wp\/v2\/media?parent=4456"}],"wp:term":[{"taxonomy":"product_brand","embeddable":true,"href":"https:\/\/cciola-fashion.com\/es\/wp-json\/wp\/v2\/product_brand?post=4456"},{"taxonomy":"product_cat","embeddable":true,"href":"https:\/\/cciola-fashion.com\/es\/wp-json\/wp\/v2\/product_cat?post=4456"},{"taxonomy":"product_tag","embeddable":true,"href":"https:\/\/cciola-fashion.com\/es\/wp-json\/wp\/v2\/product_tag?post=4456"}],"curies":[{"name":"wp","href":"https:\/\/api.w.org\/{rel}","templated":true}]}}