{"id":4448,"date":"2025-06-30T18:30:51","date_gmt":"2025-06-30T10:30:51","guid":{"rendered":"https:\/\/cciola-fashion.com\/?post_type=product&#038;p=4448"},"modified":"2025-06-30T18:30:51","modified_gmt":"2025-06-30T10:30:51","slug":"girls-puffer-jacket","status":"publish","type":"product","link":"https:\/\/cciola-fashion.com\/es\/girls-puffer-jacket.html","title":{"rendered":"Chaqueta acolchada para ni\u00f1a"},"content":{"rendered":"<p>Esta es una chaqueta acolchada para ni\u00f1a, de color rosa suave, y se adapta al estilo dulce de las ni\u00f1as.<\/p>\n<p>En t\u00e9rminos de estilo, tiene un dise\u00f1o de cuello alto corto, que es elegante y puede resistir el viento fr\u00edo hasta cierto punto.<\/p>\n<p>La superficie est\u00e1 acolchada, mostrando un patr\u00f3n de cuadros de diamantes, lo que no solo hace que la chaqueta acolchada tenga m\u00e1s capas y dise\u00f1o, sino que tambi\u00e9n fija el relleno interno, reduce el corrimiento del acolchado y la formaci\u00f3n de grumos, y garantiza la uniformidad de la calidez.<\/p>\n<p>Entre los detalles, destacan los bolsillos sim\u00e9tricos, que son c\u00f3modos para que los ni\u00f1os coloquen objetos peque\u00f1os, y son a la vez bonitos y pr\u00e1cticos.<\/p>\n<p>En t\u00e9rminos de tela, se especula por la apariencia que debe ser una tela a prueba de viento relativamente suave, que pueda bloquear la invasi\u00f3n de aire fr\u00edo del exterior, y el relleno interior proporciona un buen efecto de calentamiento.<\/p>\n<p>Es adecuado para que los ni\u00f1os lo usen en la temporada m\u00e1s fr\u00eda, ayud\u00e1ndolos a pasar el invierno c\u00e1lidos y a la moda.<\/p>","protected":false},"excerpt":{"rendered":"<p>Podemos ofrecer servicio OEM\/ODM.<\/p>\n<p>Carcasa: poli\u00e9ster 100%<\/p>\n<p>Forro: poli\u00e9ster 100%<\/p>\n<p>Cantidad m\u00ednima de pedido: 500 piezas<\/p>","protected":false},"featured_media":4449,"template":"","meta":[],"product_brand":[],"product_cat":[230],"product_tag":[],"class_list":{"0":"post-4448","1":"product","2":"type-product","3":"status-publish","4":"has-post-thumbnail","6":"product_cat-grls-padded-jacket","8":"first","9":"instock","10":"shipping-taxable","11":"product-type-simple"},"_links":{"self":[{"href":"https:\/\/cciola-fashion.com\/es\/wp-json\/wp\/v2\/product\/4448","targetHints":{"allow":["GET"]}}],"collection":[{"href":"https:\/\/cciola-fashion.com\/es\/wp-json\/wp\/v2\/product"}],"about":[{"href":"https:\/\/cciola-fashion.com\/es\/wp-json\/wp\/v2\/types\/product"}],"version-history":[{"count":1,"href":"https:\/\/cciola-fashion.com\/es\/wp-json\/wp\/v2\/product\/4448\/revisions"}],"predecessor-version":[{"id":4453,"href":"https:\/\/cciola-fashion.com\/es\/wp-json\/wp\/v2\/product\/4448\/revisions\/4453"}],"wp:featuredmedia":[{"embeddable":true,"href":"https:\/\/cciola-fashion.com\/es\/wp-json\/wp\/v2\/media\/4449"}],"wp:attachment":[{"href":"https:\/\/cciola-fashion.com\/es\/wp-json\/wp\/v2\/media?parent=4448"}],"wp:term":[{"taxonomy":"product_brand","embeddable":true,"href":"https:\/\/cciola-fashion.com\/es\/wp-json\/wp\/v2\/product_brand?post=4448"},{"taxonomy":"product_cat","embeddable":true,"href":"https:\/\/cciola-fashion.com\/es\/wp-json\/wp\/v2\/product_cat?post=4448"},{"taxonomy":"product_tag","embeddable":true,"href":"https:\/\/cciola-fashion.com\/es\/wp-json\/wp\/v2\/product_tag?post=4448"}],"curies":[{"name":"wp","href":"https:\/\/api.w.org\/{rel}","templated":true}]}}