{"id":4440,"date":"2025-06-27T10:24:50","date_gmt":"2025-06-27T02:24:50","guid":{"rendered":"https:\/\/cciola-fashion.com\/?post_type=product&#038;p=4440"},"modified":"2025-06-27T10:24:50","modified_gmt":"2025-06-27T02:24:50","slug":"slim-padding-vest","status":"publish","type":"product","link":"https:\/\/cciola-fashion.com\/es\/slim-padding-vest.html","title":{"rendered":"Chaleco acolchado delgado"},"content":{"rendered":"<p>Este es un chaleco acolchado para mujer, el cuerpo principal es de color negro.<\/p>\n<p>El cuello alto y el dise\u00f1o de felpa en el escote a\u00f1aden calidez y refinamiento.<\/p>\n<p>La superficie est\u00e1 acolchada con diamantes, lo que la hace muy rellena y tridimensional.<\/p>\n<p>La versi\u00f3n general es delgada y tridimensional, lo que resulta conveniente para el movimiento.<\/p>\n<p>La cremallera est\u00e1 cerrada, adecuada para combinar con ropa interior en oto\u00f1o e invierno, lo cual es pr\u00e1ctico y moderno.<\/p>","protected":false},"excerpt":{"rendered":"<p>Podemos ofrecer servicio OEM.<\/p>\n<p>Carcasa: nailon 100%<\/p>\n<p>Forro: vell\u00f3n fotovoltaico<\/p>\n<p>&nbsp;<\/p>","protected":false},"featured_media":4441,"template":"","meta":[],"product_brand":[],"product_cat":[37],"product_tag":[],"class_list":{"0":"post-4440","1":"product","2":"type-product","3":"status-publish","4":"has-post-thumbnail","6":"product_cat-mens-clothing","8":"first","9":"instock","10":"shipping-taxable","11":"product-type-simple"},"_links":{"self":[{"href":"https:\/\/cciola-fashion.com\/es\/wp-json\/wp\/v2\/product\/4440","targetHints":{"allow":["GET"]}}],"collection":[{"href":"https:\/\/cciola-fashion.com\/es\/wp-json\/wp\/v2\/product"}],"about":[{"href":"https:\/\/cciola-fashion.com\/es\/wp-json\/wp\/v2\/types\/product"}],"version-history":[{"count":1,"href":"https:\/\/cciola-fashion.com\/es\/wp-json\/wp\/v2\/product\/4440\/revisions"}],"predecessor-version":[{"id":4447,"href":"https:\/\/cciola-fashion.com\/es\/wp-json\/wp\/v2\/product\/4440\/revisions\/4447"}],"wp:featuredmedia":[{"embeddable":true,"href":"https:\/\/cciola-fashion.com\/es\/wp-json\/wp\/v2\/media\/4441"}],"wp:attachment":[{"href":"https:\/\/cciola-fashion.com\/es\/wp-json\/wp\/v2\/media?parent=4440"}],"wp:term":[{"taxonomy":"product_brand","embeddable":true,"href":"https:\/\/cciola-fashion.com\/es\/wp-json\/wp\/v2\/product_brand?post=4440"},{"taxonomy":"product_cat","embeddable":true,"href":"https:\/\/cciola-fashion.com\/es\/wp-json\/wp\/v2\/product_cat?post=4440"},{"taxonomy":"product_tag","embeddable":true,"href":"https:\/\/cciola-fashion.com\/es\/wp-json\/wp\/v2\/product_tag?post=4440"}],"curies":[{"name":"wp","href":"https:\/\/api.w.org\/{rel}","templated":true}]}}