{"id":4424,"date":"2025-06-27T09:49:45","date_gmt":"2025-06-27T01:49:45","guid":{"rendered":"https:\/\/cciola-fashion.com\/?post_type=product&#038;p=4424"},"modified":"2025-06-27T09:49:45","modified_gmt":"2025-06-27T01:49:45","slug":"down-jacket","status":"publish","type":"product","link":"https:\/\/cciola-fashion.com\/es\/down-jacket.html","title":{"rendered":"Chaqueta de plumas"},"content":{"rendered":"<p>Esta es una chaqueta de plumas b\u00e1sica con un estilo sencillo y el color general es gris claro.<br \/>\nAdopta un dise\u00f1o de cuello alto, que es limpio y generoso; la superficie tiene un patr\u00f3n acolchado regular y est\u00e1 completamente rellena, lo que no solo garantiza la calidez sino que tambi\u00e9n hace que la versi\u00f3n sea m\u00e1s erguida.<br \/>\nEl m\u00e9todo de cierre de cremallera y los bolsillos ocultos en ambos lados son pr\u00e1cticos sin destruir la sensaci\u00f3n de simplicidad y son adecuados para el uso diario en diversas escenas.<br \/>\nTambi\u00e9n se puede utilizar como forro de chaqueta a prueba de viento para hacer frente al clima fr\u00edo.<\/p>","protected":false},"excerpt":{"rendered":"<p>Podemos ofrecer servicio OEM.<\/p>\n<p>Color:gris claro<\/p>\n<p>Cantidad m\u00ednima de pedido: 500 piezas<\/p>","protected":false},"featured_media":4425,"template":"","meta":[],"product_brand":[],"product_cat":[169],"product_tag":[],"class_list":{"0":"post-4424","1":"product","2":"type-product","3":"status-publish","4":"has-post-thumbnail","6":"product_cat-mens-padded-jacket","8":"first","9":"instock","10":"shipping-taxable","11":"product-type-simple"},"_links":{"self":[{"href":"https:\/\/cciola-fashion.com\/es\/wp-json\/wp\/v2\/product\/4424","targetHints":{"allow":["GET"]}}],"collection":[{"href":"https:\/\/cciola-fashion.com\/es\/wp-json\/wp\/v2\/product"}],"about":[{"href":"https:\/\/cciola-fashion.com\/es\/wp-json\/wp\/v2\/types\/product"}],"version-history":[{"count":1,"href":"https:\/\/cciola-fashion.com\/es\/wp-json\/wp\/v2\/product\/4424\/revisions"}],"predecessor-version":[{"id":4429,"href":"https:\/\/cciola-fashion.com\/es\/wp-json\/wp\/v2\/product\/4424\/revisions\/4429"}],"wp:featuredmedia":[{"embeddable":true,"href":"https:\/\/cciola-fashion.com\/es\/wp-json\/wp\/v2\/media\/4425"}],"wp:attachment":[{"href":"https:\/\/cciola-fashion.com\/es\/wp-json\/wp\/v2\/media?parent=4424"}],"wp:term":[{"taxonomy":"product_brand","embeddable":true,"href":"https:\/\/cciola-fashion.com\/es\/wp-json\/wp\/v2\/product_brand?post=4424"},{"taxonomy":"product_cat","embeddable":true,"href":"https:\/\/cciola-fashion.com\/es\/wp-json\/wp\/v2\/product_cat?post=4424"},{"taxonomy":"product_tag","embeddable":true,"href":"https:\/\/cciola-fashion.com\/es\/wp-json\/wp\/v2\/product_tag?post=4424"}],"curies":[{"name":"wp","href":"https:\/\/api.w.org\/{rel}","templated":true}]}}