{"id":4410,"date":"2025-06-26T19:00:12","date_gmt":"2025-06-26T11:00:12","guid":{"rendered":"https:\/\/cciola-fashion.com\/?post_type=product&#038;p=4410"},"modified":"2025-06-26T19:00:12","modified_gmt":"2025-06-26T11:00:12","slug":"blue-hooded-padding-jacket","status":"publish","type":"product","link":"https:\/\/cciola-fashion.com\/es\/blue-hooded-padding-jacket.html","title":{"rendered":"Chaqueta acolchada con capucha azul"},"content":{"rendered":"<p>Esta chaqueta acolchada azul con capucha tiene un dise\u00f1o cl\u00e1sico. Est\u00e1 bien rellena, es mullida y retiene bien el calor.<\/p>\n<p>La capucha tiene un cord\u00f3n y un ajustador de cuerda para ajustar la tensi\u00f3n de la capucha, lo que aumenta la practicidad y el estilo.<\/p>\n<p>La capucha tiene terciopelo fotovoltaico como forro, que es m\u00e1s resistente al viento y c\u00e1lido.<\/p>\n<p>El cierre de cremallera facilita su colocaci\u00f3n y extracci\u00f3n. Los bolsillos laterales tienen cremallera para evitar que se caigan las cosas. El bolsillo interior con cremallera aumenta el espacio de almacenamiento.<\/p>\n<p>Los pu\u00f1os est\u00e1n empalmados con tejido acanalado del mismo color, que es m\u00e1s resistente al viento y c\u00e1lido.<\/p>\n<p>El dise\u00f1o general es simple y elegante, adecuado para el uso diario a prueba de fr\u00edo.<\/p>","protected":false},"excerpt":{"rendered":"<p>Podemos ofrecer servicio OEM.<\/p>\n<p>Cantidad m\u00ednima de pedido: 500 piezas<\/p>","protected":false},"featured_media":4411,"template":"","meta":[],"product_brand":[],"product_cat":[218],"product_tag":[],"class_list":{"0":"post-4410","1":"product","2":"type-product","3":"status-publish","4":"has-post-thumbnail","6":"product_cat-ladies-padded-jacket-ladies-clothing-2","8":"first","9":"instock","10":"shipping-taxable","11":"product-type-simple"},"_links":{"self":[{"href":"https:\/\/cciola-fashion.com\/es\/wp-json\/wp\/v2\/product\/4410","targetHints":{"allow":["GET"]}}],"collection":[{"href":"https:\/\/cciola-fashion.com\/es\/wp-json\/wp\/v2\/product"}],"about":[{"href":"https:\/\/cciola-fashion.com\/es\/wp-json\/wp\/v2\/types\/product"}],"version-history":[{"count":1,"href":"https:\/\/cciola-fashion.com\/es\/wp-json\/wp\/v2\/product\/4410\/revisions"}],"predecessor-version":[{"id":4416,"href":"https:\/\/cciola-fashion.com\/es\/wp-json\/wp\/v2\/product\/4410\/revisions\/4416"}],"wp:featuredmedia":[{"embeddable":true,"href":"https:\/\/cciola-fashion.com\/es\/wp-json\/wp\/v2\/media\/4411"}],"wp:attachment":[{"href":"https:\/\/cciola-fashion.com\/es\/wp-json\/wp\/v2\/media?parent=4410"}],"wp:term":[{"taxonomy":"product_brand","embeddable":true,"href":"https:\/\/cciola-fashion.com\/es\/wp-json\/wp\/v2\/product_brand?post=4410"},{"taxonomy":"product_cat","embeddable":true,"href":"https:\/\/cciola-fashion.com\/es\/wp-json\/wp\/v2\/product_cat?post=4410"},{"taxonomy":"product_tag","embeddable":true,"href":"https:\/\/cciola-fashion.com\/es\/wp-json\/wp\/v2\/product_tag?post=4410"}],"curies":[{"name":"wp","href":"https:\/\/api.w.org\/{rel}","templated":true}]}}