{"id":4406,"date":"2025-06-25T14:03:50","date_gmt":"2025-06-25T06:03:50","guid":{"rendered":"https:\/\/cciola-fashion.com\/?post_type=product&#038;p=4406"},"modified":"2025-06-25T14:03:50","modified_gmt":"2025-06-25T06:03:50","slug":"short-hooded-padded-jacket","status":"publish","type":"product","link":"https:\/\/cciola-fashion.com\/es\/short-hooded-padded-jacket.html","title":{"rendered":"Chaqueta corta acolchada con capucha"},"content":{"rendered":"<p>Se trata de una chaqueta acolchada corta con capucha para ni\u00f1as, que presenta un estampado de leopardo cl\u00e1sico, con un fondo marr\u00f3n amarillento y un estampado de leopardo marr\u00f3n oscuro, salvaje y moderno.<\/p>\n<p>El dise\u00f1o con capucha le da un toque encantador y pr\u00e1ctico, adem\u00e1s de ser resistente al viento fr\u00edo. La cremallera bidireccional es f\u00e1cil de poner y quitar.<\/p>\n<p>La versi\u00f3n corta es ordenada y divertida, adecuada para chicas animadas, mostrando su inocencia y personalidad.<\/p>\n<p>Ya sea que se combine con una falda para crear un estilo dulce y fresco, o se combine con pantalones para crear una sensaci\u00f3n informal, es muy colorido y puede convertirse f\u00e1cilmente en un punto destacado del atuendo, agregando puntos al look invernal del ni\u00f1o.<\/p>","protected":false},"excerpt":{"rendered":"<p>Podemos ofrecer servicio OEM.<\/p>\n<p>Carcasa: poli\u00e9ster 100%<\/p>\n<p>Forro: poli\u00e9ster 100%<\/p>\n<p>Cantidad m\u00ednima de pedido: 500 piezas<\/p>","protected":false},"featured_media":4407,"template":"","meta":[],"product_brand":[],"product_cat":[218],"product_tag":[],"class_list":{"0":"post-4406","1":"product","2":"type-product","3":"status-publish","4":"has-post-thumbnail","6":"product_cat-ladies-padded-jacket-ladies-clothing-2","8":"first","9":"instock","10":"shipping-taxable","11":"product-type-simple"},"_links":{"self":[{"href":"https:\/\/cciola-fashion.com\/es\/wp-json\/wp\/v2\/product\/4406","targetHints":{"allow":["GET"]}}],"collection":[{"href":"https:\/\/cciola-fashion.com\/es\/wp-json\/wp\/v2\/product"}],"about":[{"href":"https:\/\/cciola-fashion.com\/es\/wp-json\/wp\/v2\/types\/product"}],"version-history":[{"count":1,"href":"https:\/\/cciola-fashion.com\/es\/wp-json\/wp\/v2\/product\/4406\/revisions"}],"predecessor-version":[{"id":4409,"href":"https:\/\/cciola-fashion.com\/es\/wp-json\/wp\/v2\/product\/4406\/revisions\/4409"}],"wp:featuredmedia":[{"embeddable":true,"href":"https:\/\/cciola-fashion.com\/es\/wp-json\/wp\/v2\/media\/4407"}],"wp:attachment":[{"href":"https:\/\/cciola-fashion.com\/es\/wp-json\/wp\/v2\/media?parent=4406"}],"wp:term":[{"taxonomy":"product_brand","embeddable":true,"href":"https:\/\/cciola-fashion.com\/es\/wp-json\/wp\/v2\/product_brand?post=4406"},{"taxonomy":"product_cat","embeddable":true,"href":"https:\/\/cciola-fashion.com\/es\/wp-json\/wp\/v2\/product_cat?post=4406"},{"taxonomy":"product_tag","embeddable":true,"href":"https:\/\/cciola-fashion.com\/es\/wp-json\/wp\/v2\/product_tag?post=4406"}],"curies":[{"name":"wp","href":"https:\/\/api.w.org\/{rel}","templated":true}]}}