{"id":4402,"date":"2025-06-25T13:52:25","date_gmt":"2025-06-25T05:52:25","guid":{"rendered":"https:\/\/cciola-fashion.com\/?post_type=product&#038;p=4402"},"modified":"2025-06-25T13:52:25","modified_gmt":"2025-06-25T05:52:25","slug":"chaqueta-acolchada-de-moda-para-ninos","status":"publish","type":"product","link":"https:\/\/cciola-fashion.com\/es\/chaqueta-acolchada-de-moda-para-ninos-html","title":{"rendered":"Chaqueta acolchada de moda para ni\u00f1os"},"content":{"rendered":"<p>Esta es una chaqueta acolchada de moda para ni\u00f1os.<\/p>\n<p>Est\u00e1 dise\u00f1ado principalmente con tinta salpicada con degradado en blanco y negro.<\/p>\n<p>Desde el cuello hasta el dobladillo, el blanco pasa naturalmente al negro, con manchas negras irregulares, rompiendo la monoton\u00eda y mostrando un estilo de arte callejero.<\/p>\n<p>El dise\u00f1o con capucha aumenta la practicidad y el estilo, y el forro negro dentro de la capucha realza la sofisticaci\u00f3n de los detalles.<\/p>\n<p>La cremallera negra recorre el cuerpo de la chaqueta, lo que hace que sea f\u00e1cil de poner y quitar.<\/p>\n<p>La etiqueta negra redonda en el pecho izquierdo est\u00e1 impresa con patrones o letras para fortalecer la marca o el logotipo de personalidad.<\/p>\n<p>En ambos lados de las mangas hay cintas negras, con patrones blancos impresos en ellas, lo que enriquece el nivel visual y a\u00f1ade un ambiente deportivo y moderno.<\/p>\n<p>El proceso de acolchado es regular y el relleno de algod\u00f3n es fijo para garantizar la calidez y hacer la versi\u00f3n m\u00e1s r\u00edgida.<\/p>\n<p>El estilo general es moderno e individual, adecuado para ni\u00f1os que buscan la moda en el uso diario, teniendo en cuenta las necesidades de calidez y estilo.<\/p>","protected":false},"excerpt":{"rendered":"<p>Podemos ofrecer servicio OEM\/ODM.<\/p>\n<p>Exterior: poli\u00e9ster 100%<\/p>\n<p>Forro: poli\u00e9ster 100%<\/p>\n<p>Cantidad m\u00ednima de pedido: 500 piezas<\/p>","protected":false},"featured_media":4403,"template":"","meta":[],"product_brand":[],"product_cat":[181],"product_tag":[],"class_list":{"0":"post-4402","1":"product","2":"type-product","3":"status-publish","4":"has-post-thumbnail","6":"product_cat-boys-padded-jacket","8":"first","9":"instock","10":"shipping-taxable","11":"product-type-simple"},"_links":{"self":[{"href":"https:\/\/cciola-fashion.com\/es\/wp-json\/wp\/v2\/product\/4402","targetHints":{"allow":["GET"]}}],"collection":[{"href":"https:\/\/cciola-fashion.com\/es\/wp-json\/wp\/v2\/product"}],"about":[{"href":"https:\/\/cciola-fashion.com\/es\/wp-json\/wp\/v2\/types\/product"}],"version-history":[{"count":1,"href":"https:\/\/cciola-fashion.com\/es\/wp-json\/wp\/v2\/product\/4402\/revisions"}],"predecessor-version":[{"id":4405,"href":"https:\/\/cciola-fashion.com\/es\/wp-json\/wp\/v2\/product\/4402\/revisions\/4405"}],"wp:featuredmedia":[{"embeddable":true,"href":"https:\/\/cciola-fashion.com\/es\/wp-json\/wp\/v2\/media\/4403"}],"wp:attachment":[{"href":"https:\/\/cciola-fashion.com\/es\/wp-json\/wp\/v2\/media?parent=4402"}],"wp:term":[{"taxonomy":"product_brand","embeddable":true,"href":"https:\/\/cciola-fashion.com\/es\/wp-json\/wp\/v2\/product_brand?post=4402"},{"taxonomy":"product_cat","embeddable":true,"href":"https:\/\/cciola-fashion.com\/es\/wp-json\/wp\/v2\/product_cat?post=4402"},{"taxonomy":"product_tag","embeddable":true,"href":"https:\/\/cciola-fashion.com\/es\/wp-json\/wp\/v2\/product_tag?post=4402"}],"curies":[{"name":"wp","href":"https:\/\/api.w.org\/{rel}","templated":true}]}}