{"id":4393,"date":"2025-06-25T10:46:46","date_gmt":"2025-06-25T02:46:46","guid":{"rendered":"https:\/\/cciola-fashion.com\/?post_type=product&#038;p=4393"},"modified":"2025-06-25T10:46:46","modified_gmt":"2025-06-25T02:46:46","slug":"long-denim-jacket","status":"publish","type":"product","link":"https:\/\/cciola-fashion.com\/es\/long-denim-jacket.html","title":{"rendered":"Chaqueta vaquera larga"},"content":{"rendered":"<p>Esta es una chaqueta vaquera larga para mujer, con un dise\u00f1o pr\u00e1ctico y elegante.<\/p>\n<p>El cuerpo principal est\u00e1 hecho de denim cl\u00e1sico, que es resistente y crujiente, presentando un tono \u00edndigo retro, con una textura de denim natural y una atm\u00f3sfera nost\u00e1lgica.<\/p>\n<p>La solapa est\u00e1 empalmada con material de piel de cordero y el forro interior de piel de cordero agrega calidez y suavidad.<\/p>\n<p>El dise\u00f1o de m\u00faltiples bolsillos es un reflejo del estilo de ropa de trabajo, que es conveniente para guardar art\u00edculos peque\u00f1os y tambi\u00e9n fortalece el estilo informal.<\/p>\n<p>Se puede adaptar a una variedad de escenas de uso diario, casuales e individuales.<\/p>","protected":false},"excerpt":{"rendered":"<p>Podemos ofrecer servicio OEM.<\/p>\n<p>Capa exterior: algod\u00f3n<\/p>\n<p>Cantidad m\u00ednima de pedido: 500 piezas<\/p>","protected":false},"featured_media":4394,"template":"","meta":[],"product_brand":[],"product_cat":[224],"product_tag":[],"class_list":{"0":"post-4393","1":"product","2":"type-product","3":"status-publish","4":"has-post-thumbnail","6":"product_cat-ladies-jacket-ladies-clothing-2","8":"first","9":"instock","10":"shipping-taxable","11":"product-type-simple"},"_links":{"self":[{"href":"https:\/\/cciola-fashion.com\/es\/wp-json\/wp\/v2\/product\/4393","targetHints":{"allow":["GET"]}}],"collection":[{"href":"https:\/\/cciola-fashion.com\/es\/wp-json\/wp\/v2\/product"}],"about":[{"href":"https:\/\/cciola-fashion.com\/es\/wp-json\/wp\/v2\/types\/product"}],"version-history":[{"count":1,"href":"https:\/\/cciola-fashion.com\/es\/wp-json\/wp\/v2\/product\/4393\/revisions"}],"predecessor-version":[{"id":4396,"href":"https:\/\/cciola-fashion.com\/es\/wp-json\/wp\/v2\/product\/4393\/revisions\/4396"}],"wp:featuredmedia":[{"embeddable":true,"href":"https:\/\/cciola-fashion.com\/es\/wp-json\/wp\/v2\/media\/4394"}],"wp:attachment":[{"href":"https:\/\/cciola-fashion.com\/es\/wp-json\/wp\/v2\/media?parent=4393"}],"wp:term":[{"taxonomy":"product_brand","embeddable":true,"href":"https:\/\/cciola-fashion.com\/es\/wp-json\/wp\/v2\/product_brand?post=4393"},{"taxonomy":"product_cat","embeddable":true,"href":"https:\/\/cciola-fashion.com\/es\/wp-json\/wp\/v2\/product_cat?post=4393"},{"taxonomy":"product_tag","embeddable":true,"href":"https:\/\/cciola-fashion.com\/es\/wp-json\/wp\/v2\/product_tag?post=4393"}],"curies":[{"name":"wp","href":"https:\/\/api.w.org\/{rel}","templated":true}]}}