{"id":4389,"date":"2025-06-24T18:51:21","date_gmt":"2025-06-24T10:51:21","guid":{"rendered":"https:\/\/cciola-fashion.com\/?post_type=product&#038;p=4389"},"modified":"2025-06-24T18:51:21","modified_gmt":"2025-06-24T10:51:21","slug":"padding-jacket","status":"publish","type":"product","link":"https:\/\/cciola-fashion.com\/es\/padding-jacket.html","title":{"rendered":"Chaqueta acolchada"},"content":{"rendered":"<p>Se trata de una chaqueta acolchada de cuello alto de color negro, con un dise\u00f1o simple y pr\u00e1ctico, adecuada para desplazamientos diarios o escenas de ocio:<br \/>\nVersi\u00f3n y estilo: versi\u00f3n corta y ajustada, cuello alto elegante, el estilo general tiende a ser casual cl\u00e1sico y de negocios ligero, adecuado para una variedad de escenas de uso.<br \/>\nTela y artesan\u00eda: La capa exterior est\u00e1 hecha de tela suave a prueba de viento, con l\u00edneas de acolchado regulares en la superficie, que no solo fija el relleno de algod\u00f3n, evita el vell\u00f3n, sino que tambi\u00e9n mejora la sensaci\u00f3n tridimensional; el relleno tiene una esponjosidad moderada, teniendo en cuenta la calidez y la ligereza.<br \/>\nDise\u00f1o detallado:<br \/>\nLa tapeta se cierra con broches met\u00e1licos para ponerla y quitarla f\u00e1cilmente;<br \/>\nHay un bolsillo con cremallera en la parte delantera del pecho y un bolsillo con solapa y broche a cada lado del dobladillo para guardar art\u00edculos peque\u00f1os y enriquecer el nivel visual;<br \/>\nHay un forro en el interior del escote, que se ajusta al cuello m\u00e1s c\u00f3modamente y tambi\u00e9n mejora la calidez.<\/p>","protected":false},"excerpt":{"rendered":"<p>Podemos ofrecer servicio OEM.<\/p>\n<p>Carcasa: nailon 100%N<\/p>\n<p>Relleno: imitaci\u00f3n plum\u00f3n<\/p>\n<p>Cantidad m\u00ednima de pedido: 500 piezas<\/p>","protected":false},"featured_media":4390,"template":"","meta":[],"product_brand":[],"product_cat":[169],"product_tag":[],"class_list":{"0":"post-4389","1":"product","2":"type-product","3":"status-publish","4":"has-post-thumbnail","6":"product_cat-mens-padded-jacket","8":"first","9":"instock","10":"shipping-taxable","11":"product-type-simple"},"_links":{"self":[{"href":"https:\/\/cciola-fashion.com\/es\/wp-json\/wp\/v2\/product\/4389","targetHints":{"allow":["GET"]}}],"collection":[{"href":"https:\/\/cciola-fashion.com\/es\/wp-json\/wp\/v2\/product"}],"about":[{"href":"https:\/\/cciola-fashion.com\/es\/wp-json\/wp\/v2\/types\/product"}],"version-history":[{"count":1,"href":"https:\/\/cciola-fashion.com\/es\/wp-json\/wp\/v2\/product\/4389\/revisions"}],"predecessor-version":[{"id":4392,"href":"https:\/\/cciola-fashion.com\/es\/wp-json\/wp\/v2\/product\/4389\/revisions\/4392"}],"wp:featuredmedia":[{"embeddable":true,"href":"https:\/\/cciola-fashion.com\/es\/wp-json\/wp\/v2\/media\/4390"}],"wp:attachment":[{"href":"https:\/\/cciola-fashion.com\/es\/wp-json\/wp\/v2\/media?parent=4389"}],"wp:term":[{"taxonomy":"product_brand","embeddable":true,"href":"https:\/\/cciola-fashion.com\/es\/wp-json\/wp\/v2\/product_brand?post=4389"},{"taxonomy":"product_cat","embeddable":true,"href":"https:\/\/cciola-fashion.com\/es\/wp-json\/wp\/v2\/product_cat?post=4389"},{"taxonomy":"product_tag","embeddable":true,"href":"https:\/\/cciola-fashion.com\/es\/wp-json\/wp\/v2\/product_tag?post=4389"}],"curies":[{"name":"wp","href":"https:\/\/api.w.org\/{rel}","templated":true}]}}