{"id":4379,"date":"2025-06-19T10:57:40","date_gmt":"2025-06-19T02:57:40","guid":{"rendered":"https:\/\/cciola-fashion.com\/?post_type=product&#038;p=4379"},"modified":"2025-06-19T10:57:41","modified_gmt":"2025-06-19T02:57:41","slug":"mens-shiny-hooded-puffer-jacket","status":"publish","type":"product","link":"https:\/\/cciola-fashion.com\/es\/mens-shiny-hooded-puffer-jacket.html","title":{"rendered":"Chaqueta acolchada con capucha brillante para hombre"},"content":{"rendered":"<p>Esta es una chaqueta de algod\u00f3n brillante con capucha para hombre, el dise\u00f1o general es moderno y pr\u00e1ctico.<\/p>\n<p>Esta chaqueta de invierno para hombre es muy reconocible y muestra un sentido de la moda.<\/p>\n<p>El estilo con capucha aumenta la practicidad y puede proteger la cabeza en climas cambiantes.<\/p>\n<p>El proceso de acolchado forma un patr\u00f3n de cuadros regular, que no solo fija el relleno y evita el desplazamiento, sino que tambi\u00e9n mejora el nivel visual.<\/p>\n<p>La cremallera que se abre y se cierra es f\u00e1cil de poner y quitar, y hay bolsillos en ambos lados para guardar art\u00edculos peque\u00f1os.<\/p>\n<p>Es adecuado para viajes diarios, ropa de calle y otras escenas, manteniendo el calor y mostrando un estilo individual.<\/p>\n<p><img fetchpriority=\"high\" decoding=\"async\" src=\"https:\/\/cciola-fashion.com\/wp-content\/uploads\/2025\/05\/\u5de5\u5382-1024x684.jpg\" alt=\"f\u00e1brica\" width=\"519\" height=\"347\" \/><img decoding=\"async\" class=\"\" src=\"https:\/\/cciola-fashion.com\/wp-content\/uploads\/2025\/05\/packaging2.jpg\" alt=\"\" width=\"453\" height=\"345\" \/><\/p>\n<p>&nbsp;<\/p>\n<p>\u2705precio competitivo<\/p>\n<p>Como fabricante directo, podemos ofrecerle precios m\u00e1s competitivos. Adem\u00e1s, nuestra ubicaci\u00f3n est\u00e1 en la parte media de China, los costos laborales son 50% m\u00e1s bajos que el \u00e1rea costera.<\/p>\n<p>\u2705 Log\u00edstica eficiente<\/p>\n<p>Henan est\u00e1 ubicada en las llanuras centrales, con el Aeropuerto de Zhengzhou, el China-Europe Express, la red ferroviaria nacional de alta velocidad en forma de cruz y una densa red de carreteras, bajos costos log\u00edsticos y entrega r\u00e1pida.<\/p>\n<p>\u2705 OEM\/ODM todo en uno<\/p>\n<p>Servicio<\/p>\n<p>Desde paquetes tecnol\u00f3gicos y muestreos hasta embalajes y env\u00edos globales<\/p>\n<p>\u2705 Capacidades de f\u00e1brica<\/p>\n<p>1 f\u00e1brica propia y muchas f\u00e1bricas cooperativas de alta calidad | Trabajadores experimentados | Equipo de producci\u00f3n avanzado.<\/p>","protected":false},"excerpt":{"rendered":"<p>Podemos ofrecer servicio OEM.<\/p>\n<p>Cantidad m\u00ednima de pedido: 500 piezas<\/p>\n<p>Color: personalizado<\/p>","protected":false},"featured_media":4380,"template":"","meta":[],"product_brand":[],"product_cat":[169],"product_tag":[],"class_list":{"0":"post-4379","1":"product","2":"type-product","3":"status-publish","4":"has-post-thumbnail","6":"product_cat-mens-padded-jacket","8":"first","9":"instock","10":"shipping-taxable","11":"product-type-simple"},"_links":{"self":[{"href":"https:\/\/cciola-fashion.com\/es\/wp-json\/wp\/v2\/product\/4379","targetHints":{"allow":["GET"]}}],"collection":[{"href":"https:\/\/cciola-fashion.com\/es\/wp-json\/wp\/v2\/product"}],"about":[{"href":"https:\/\/cciola-fashion.com\/es\/wp-json\/wp\/v2\/types\/product"}],"version-history":[{"count":1,"href":"https:\/\/cciola-fashion.com\/es\/wp-json\/wp\/v2\/product\/4379\/revisions"}],"predecessor-version":[{"id":4382,"href":"https:\/\/cciola-fashion.com\/es\/wp-json\/wp\/v2\/product\/4379\/revisions\/4382"}],"wp:featuredmedia":[{"embeddable":true,"href":"https:\/\/cciola-fashion.com\/es\/wp-json\/wp\/v2\/media\/4380"}],"wp:attachment":[{"href":"https:\/\/cciola-fashion.com\/es\/wp-json\/wp\/v2\/media?parent=4379"}],"wp:term":[{"taxonomy":"product_brand","embeddable":true,"href":"https:\/\/cciola-fashion.com\/es\/wp-json\/wp\/v2\/product_brand?post=4379"},{"taxonomy":"product_cat","embeddable":true,"href":"https:\/\/cciola-fashion.com\/es\/wp-json\/wp\/v2\/product_cat?post=4379"},{"taxonomy":"product_tag","embeddable":true,"href":"https:\/\/cciola-fashion.com\/es\/wp-json\/wp\/v2\/product_tag?post=4379"}],"curies":[{"name":"wp","href":"https:\/\/api.w.org\/{rel}","templated":true}]}}