{"id":4366,"date":"2025-06-19T10:17:30","date_gmt":"2025-06-19T02:17:30","guid":{"rendered":"https:\/\/cciola-fashion.com\/?post_type=product&#038;p=4366"},"modified":"2025-06-19T10:17:30","modified_gmt":"2025-06-19T02:17:30","slug":"mens-hooded-patchwork-jacket","status":"publish","type":"product","link":"https:\/\/cciola-fashion.com\/es\/mens-hooded-patchwork-jacket.html","title":{"rendered":"Chaqueta de patchwork con capucha para hombre"},"content":{"rendered":"<p>Esta es una chaqueta de parches con capucha para hombre, el estilo general es informal y pr\u00e1ctico.<\/p>\n<p>La parte principal est\u00e1 hecha de algod\u00f3n acolchado y el forro est\u00e1 relleno de relleno, lo que no solo agrega una sensaci\u00f3n de capas sino que tambi\u00e9n ayuda a fijar la temperatura.<\/p>\n<p>El color es gris oscuro, discreto y f\u00e1cil de combinar. Las mangas est\u00e1n hechas de tela el\u00e1stica negra, que crea una combinaci\u00f3n de materiales y colores con el cuerpo, aportando un toque de dise\u00f1o y haciendo que los brazos sean m\u00e1s flexibles.<\/p>\n<p>El dise\u00f1o con capucha puede brindar protecci\u00f3n cuando sea necesario, el cierre de cremallera es f\u00e1cil de poner y quitar, y el ribete en el dobladillo y los pu\u00f1os es a prueba de viento y se adapta a la forma del cuerpo.<\/p>\n<p>Ideal para viajes diarios, actividades ligeras al aire libre y otras situaciones. Es sencillo, pr\u00e1ctico y moderno.<\/p>\n<p><img fetchpriority=\"high\" decoding=\"async\" src=\"https:\/\/cciola-fashion.com\/wp-content\/uploads\/2025\/05\/\u5de5\u5382-1024x684.jpg\" alt=\"f\u00e1brica\" width=\"519\" height=\"347\" \/><img decoding=\"async\" class=\"\" src=\"https:\/\/cciola-fashion.com\/wp-content\/uploads\/2025\/05\/packaging2.jpg\" alt=\"\" width=\"453\" height=\"345\" \/><\/p>\n<p>&nbsp;<\/p>\n<p>\u2705precio competitivo<\/p>\n<p>Como fabricante directo, podemos ofrecerle precios m\u00e1s competitivos. Adem\u00e1s, nuestra ubicaci\u00f3n est\u00e1 en la parte media de China, los costos laborales son 50% m\u00e1s bajos que el \u00e1rea costera.<\/p>\n<p>\u2705 Log\u00edstica eficiente<\/p>\n<p>Henan est\u00e1 ubicada en las llanuras centrales, con el Aeropuerto de Zhengzhou, el China-Europe Express, la red ferroviaria nacional de alta velocidad en forma de cruz y una densa red de carreteras, bajos costos log\u00edsticos y entrega r\u00e1pida.<\/p>\n<p>\u2705 OEM\/ODM todo en uno<\/p>\n<p>Servicio<\/p>\n<p>Desde paquetes tecnol\u00f3gicos y muestreos hasta embalajes y env\u00edos globales<\/p>\n<p>\u2705 Capacidades de f\u00e1brica<\/p>\n<p>1 f\u00e1brica propia y muchas f\u00e1bricas cooperativas de alta calidad | Trabajadores experimentados | Equipo de producci\u00f3n avanzado.<\/p>","protected":false},"excerpt":{"rendered":"<p>Podemos ofrecer servicio OEM.<\/p>\n<p>Cantidad m\u00ednima de pedido: 500 piezas<\/p>","protected":false},"featured_media":4367,"template":"","meta":[],"product_brand":[],"product_cat":[169],"product_tag":[],"class_list":{"0":"post-4366","1":"product","2":"type-product","3":"status-publish","4":"has-post-thumbnail","6":"product_cat-mens-padded-jacket","8":"first","9":"instock","10":"shipping-taxable","11":"product-type-simple"},"_links":{"self":[{"href":"https:\/\/cciola-fashion.com\/es\/wp-json\/wp\/v2\/product\/4366","targetHints":{"allow":["GET"]}}],"collection":[{"href":"https:\/\/cciola-fashion.com\/es\/wp-json\/wp\/v2\/product"}],"about":[{"href":"https:\/\/cciola-fashion.com\/es\/wp-json\/wp\/v2\/types\/product"}],"version-history":[{"count":1,"href":"https:\/\/cciola-fashion.com\/es\/wp-json\/wp\/v2\/product\/4366\/revisions"}],"predecessor-version":[{"id":4369,"href":"https:\/\/cciola-fashion.com\/es\/wp-json\/wp\/v2\/product\/4366\/revisions\/4369"}],"wp:featuredmedia":[{"embeddable":true,"href":"https:\/\/cciola-fashion.com\/es\/wp-json\/wp\/v2\/media\/4367"}],"wp:attachment":[{"href":"https:\/\/cciola-fashion.com\/es\/wp-json\/wp\/v2\/media?parent=4366"}],"wp:term":[{"taxonomy":"product_brand","embeddable":true,"href":"https:\/\/cciola-fashion.com\/es\/wp-json\/wp\/v2\/product_brand?post=4366"},{"taxonomy":"product_cat","embeddable":true,"href":"https:\/\/cciola-fashion.com\/es\/wp-json\/wp\/v2\/product_cat?post=4366"},{"taxonomy":"product_tag","embeddable":true,"href":"https:\/\/cciola-fashion.com\/es\/wp-json\/wp\/v2\/product_tag?post=4366"}],"curies":[{"name":"wp","href":"https:\/\/api.w.org\/{rel}","templated":true}]}}