{"id":4360,"date":"2025-06-18T14:53:35","date_gmt":"2025-06-18T06:53:35","guid":{"rendered":"https:\/\/cciola-fashion.com\/?post_type=product&#038;p=4360"},"modified":"2025-06-18T16:07:21","modified_gmt":"2025-06-18T08:07:21","slug":"girls-padding-jacket-2","status":"publish","type":"product","link":"https:\/\/cciola-fashion.com\/es\/girls-padding-jacket-2.html","title":{"rendered":"Chaqueta acolchada para ni\u00f1a"},"content":{"rendered":"<p>Esta es una chaqueta acolchada para ni\u00f1a, con un suave color blanquecino, llena de lindos osos de dibujos animados y patrones de corazones, llena de infantilismo.<\/p>\n<p>El dise\u00f1o de cuello alto puede proteger el cuello y resistir el viento fr\u00edo, y hay una cremallera en la tapeta, que es f\u00e1cil de poner y quitar.<\/p>\n<p>El cuerpo de la chaqueta est\u00e1 cuidadosamente acolchado y bien relleno, teniendo en cuenta tanto la calidez como la sensaci\u00f3n de suavidad.<\/p>\n<p>Hay bolsillos en ambos lados, lo cual es pr\u00e1ctico y hermoso.<\/p>\n<p>El dobladillo est\u00e1 ligeramente extendido, a\u00f1adiendo un ambiente dulce.<\/p>\n<p>Es muy adecuado para que las ni\u00f1as lo usen en oto\u00f1o e invierno, es c\u00e1lido y puede mostrar la inocencia y la ternura infantiles.<\/p>","protected":false},"excerpt":{"rendered":"<p>Podemos ofrecer servicio OEM.<\/p>\n<p>Color: lechoso<\/p>\n<p>Estilo: encantador<\/p>\n<p>Cantidad m\u00ednima de pedido: 500 piezas<\/p>","protected":false},"featured_media":4361,"template":"","meta":[],"product_brand":[],"product_cat":[230],"product_tag":[],"class_list":{"0":"post-4360","1":"product","2":"type-product","3":"status-publish","4":"has-post-thumbnail","6":"product_cat-grls-padded-jacket","8":"first","9":"instock","10":"shipping-taxable","11":"product-type-simple"},"_links":{"self":[{"href":"https:\/\/cciola-fashion.com\/es\/wp-json\/wp\/v2\/product\/4360","targetHints":{"allow":["GET"]}}],"collection":[{"href":"https:\/\/cciola-fashion.com\/es\/wp-json\/wp\/v2\/product"}],"about":[{"href":"https:\/\/cciola-fashion.com\/es\/wp-json\/wp\/v2\/types\/product"}],"version-history":[{"count":1,"href":"https:\/\/cciola-fashion.com\/es\/wp-json\/wp\/v2\/product\/4360\/revisions"}],"predecessor-version":[{"id":4363,"href":"https:\/\/cciola-fashion.com\/es\/wp-json\/wp\/v2\/product\/4360\/revisions\/4363"}],"wp:featuredmedia":[{"embeddable":true,"href":"https:\/\/cciola-fashion.com\/es\/wp-json\/wp\/v2\/media\/4361"}],"wp:attachment":[{"href":"https:\/\/cciola-fashion.com\/es\/wp-json\/wp\/v2\/media?parent=4360"}],"wp:term":[{"taxonomy":"product_brand","embeddable":true,"href":"https:\/\/cciola-fashion.com\/es\/wp-json\/wp\/v2\/product_brand?post=4360"},{"taxonomy":"product_cat","embeddable":true,"href":"https:\/\/cciola-fashion.com\/es\/wp-json\/wp\/v2\/product_cat?post=4360"},{"taxonomy":"product_tag","embeddable":true,"href":"https:\/\/cciola-fashion.com\/es\/wp-json\/wp\/v2\/product_tag?post=4360"}],"curies":[{"name":"wp","href":"https:\/\/api.w.org\/{rel}","templated":true}]}}