{"id":4356,"date":"2025-06-18T14:48:56","date_gmt":"2025-06-18T06:48:56","guid":{"rendered":"https:\/\/cciola-fashion.com\/?post_type=product&#038;p=4356"},"modified":"2025-06-18T14:48:57","modified_gmt":"2025-06-18T06:48:57","slug":"chaqueta-acolchada-para-ninos","status":"publish","type":"product","link":"https:\/\/cciola-fashion.com\/es\/chaqueta-acolchada-para-ninos-html","title":{"rendered":"Chaqueta acolchada para ni\u00f1o"},"content":{"rendered":"<p>Esta es una chaqueta acolchada para ni\u00f1o, el color general es verde militar.<\/p>\n<p>El dise\u00f1o con capucha y la decoraci\u00f3n del cuello de piel en el ala a\u00f1aden calidez y sentido de la moda.<\/p>\n<p>La tapeta se cierra con botones a presi\u00f3n, lo que resulta sencillo y pr\u00e1ctico.<\/p>\n<p>El cuerpo de la chaqueta tiene m\u00faltiples bolsillos, incluidos bolsillos de parche grandes sim\u00e9tricos, que son convenientes para guardar art\u00edculos peque\u00f1os.<\/p>\n<p>El estilo de ropa de trabajo es obvio, adecuado para usar en oto\u00f1o e invierno, puede brindar a los ni\u00f1os una protecci\u00f3n c\u00e1lida y satisfacer las necesidades de las actividades diarias y las escenas al aire libre.<\/p>","protected":false},"excerpt":{"rendered":"<p>Podemos ofrecer servicio OEM.<\/p>\n<p>Color: Verde<\/p>\n<p>Tama\u00f1o: personalizado<\/p>\n<p>Cantidad m\u00ednima de pedido: 500 piezas<\/p>","protected":false},"featured_media":4357,"template":"","meta":[],"product_brand":[],"product_cat":[181],"product_tag":[],"class_list":{"0":"post-4356","1":"product","2":"type-product","3":"status-publish","4":"has-post-thumbnail","6":"product_cat-boys-padded-jacket","8":"first","9":"instock","10":"shipping-taxable","11":"product-type-simple"},"_links":{"self":[{"href":"https:\/\/cciola-fashion.com\/es\/wp-json\/wp\/v2\/product\/4356","targetHints":{"allow":["GET"]}}],"collection":[{"href":"https:\/\/cciola-fashion.com\/es\/wp-json\/wp\/v2\/product"}],"about":[{"href":"https:\/\/cciola-fashion.com\/es\/wp-json\/wp\/v2\/types\/product"}],"version-history":[{"count":1,"href":"https:\/\/cciola-fashion.com\/es\/wp-json\/wp\/v2\/product\/4356\/revisions"}],"predecessor-version":[{"id":4359,"href":"https:\/\/cciola-fashion.com\/es\/wp-json\/wp\/v2\/product\/4356\/revisions\/4359"}],"wp:featuredmedia":[{"embeddable":true,"href":"https:\/\/cciola-fashion.com\/es\/wp-json\/wp\/v2\/media\/4357"}],"wp:attachment":[{"href":"https:\/\/cciola-fashion.com\/es\/wp-json\/wp\/v2\/media?parent=4356"}],"wp:term":[{"taxonomy":"product_brand","embeddable":true,"href":"https:\/\/cciola-fashion.com\/es\/wp-json\/wp\/v2\/product_brand?post=4356"},{"taxonomy":"product_cat","embeddable":true,"href":"https:\/\/cciola-fashion.com\/es\/wp-json\/wp\/v2\/product_cat?post=4356"},{"taxonomy":"product_tag","embeddable":true,"href":"https:\/\/cciola-fashion.com\/es\/wp-json\/wp\/v2\/product_tag?post=4356"}],"curies":[{"name":"wp","href":"https:\/\/api.w.org\/{rel}","templated":true}]}}