{"id":4352,"date":"2025-06-18T14:35:35","date_gmt":"2025-06-18T06:35:35","guid":{"rendered":"https:\/\/cciola-fashion.com\/?post_type=product&#038;p=4352"},"modified":"2025-06-18T14:35:35","modified_gmt":"2025-06-18T06:35:35","slug":"red-womens-puffer-jacket","status":"publish","type":"product","link":"https:\/\/cciola-fashion.com\/es\/red-womens-puffer-jacket.html","title":{"rendered":"Chaqueta acolchada roja para mujer"},"content":{"rendered":"<p>Este es un chaleco acolchado para mujer, el cuerpo principal es de color burdeos, con un dise\u00f1o de cuello alto, que puede prevenir eficazmente el viento y mantener el calor.<\/p>\n<p>La superficie est\u00e1 cuidadosamente acolchada con cuadrados y est\u00e1 bien rellena, lo que resulta moderno y c\u00e1lido.<\/p>\n<p>Hay una cremallera en la tapeta para ponerla y quitarla f\u00e1cilmente; hay bolsillos con cremallera en ambos lados, que son pr\u00e1cticos y hermosos.<\/p>\n<p>El estilo general es adecuado para oto\u00f1o e invierno.<\/p>\n<p>Se puede utilizar como chaleco exterior para agregar una sensaci\u00f3n de capas al atuendo, satisfacer la necesidad de calidez y mostrar un temperamento simple y generoso.<\/p>","protected":false},"excerpt":{"rendered":"<p>Podemos ofrecer servicio OEM.<\/p>\n<p>Estilo: Casual<\/p>\n<p>Color: personalizado<\/p>\n<p>Cantidad m\u00ednima de pedido: 500 piezas<\/p>","protected":false},"featured_media":4353,"template":"","meta":[],"product_brand":[],"product_cat":[218],"product_tag":[],"class_list":{"0":"post-4352","1":"product","2":"type-product","3":"status-publish","4":"has-post-thumbnail","6":"product_cat-ladies-padded-jacket-ladies-clothing-2","8":"first","9":"instock","10":"shipping-taxable","11":"product-type-simple"},"_links":{"self":[{"href":"https:\/\/cciola-fashion.com\/es\/wp-json\/wp\/v2\/product\/4352","targetHints":{"allow":["GET"]}}],"collection":[{"href":"https:\/\/cciola-fashion.com\/es\/wp-json\/wp\/v2\/product"}],"about":[{"href":"https:\/\/cciola-fashion.com\/es\/wp-json\/wp\/v2\/types\/product"}],"version-history":[{"count":1,"href":"https:\/\/cciola-fashion.com\/es\/wp-json\/wp\/v2\/product\/4352\/revisions"}],"predecessor-version":[{"id":4355,"href":"https:\/\/cciola-fashion.com\/es\/wp-json\/wp\/v2\/product\/4352\/revisions\/4355"}],"wp:featuredmedia":[{"embeddable":true,"href":"https:\/\/cciola-fashion.com\/es\/wp-json\/wp\/v2\/media\/4353"}],"wp:attachment":[{"href":"https:\/\/cciola-fashion.com\/es\/wp-json\/wp\/v2\/media?parent=4352"}],"wp:term":[{"taxonomy":"product_brand","embeddable":true,"href":"https:\/\/cciola-fashion.com\/es\/wp-json\/wp\/v2\/product_brand?post=4352"},{"taxonomy":"product_cat","embeddable":true,"href":"https:\/\/cciola-fashion.com\/es\/wp-json\/wp\/v2\/product_cat?post=4352"},{"taxonomy":"product_tag","embeddable":true,"href":"https:\/\/cciola-fashion.com\/es\/wp-json\/wp\/v2\/product_tag?post=4352"}],"curies":[{"name":"wp","href":"https:\/\/api.w.org\/{rel}","templated":true}]}}