{"id":4348,"date":"2025-06-18T14:25:16","date_gmt":"2025-06-18T06:25:16","guid":{"rendered":"https:\/\/cciola-fashion.com\/?post_type=product&#038;p=4348"},"modified":"2025-06-18T14:25:17","modified_gmt":"2025-06-18T06:25:17","slug":"outdoor-womens-jacket","status":"publish","type":"product","link":"https:\/\/cciola-fashion.com\/es\/outdoor-womens-jacket.html","title":{"rendered":"Chaqueta de mujer para exteriores"},"content":{"rendered":"<p>Esta es una chaqueta de exterior para mujer con una combinaci\u00f3n de colores gris, azul marino y blanquecino.<\/p>\n<p>El estilo es simple y elegante.<\/p>\n<p>El dise\u00f1o de cuello alto y el cierre doble \u201cbot\u00f3n + cremallera\u201d son pr\u00e1cticos y a prueba de viento.<\/p>\n<p>Hay bolsillos con cordones en ambos lados, que a\u00f1aden detalles y son convenientes para el almacenamiento.<\/p>\n<p>Los pu\u00f1os est\u00e1n encogidos, lo que los hace elegantes y resistentes al viento. Lleva un peque\u00f1o logotipo de la marca en la manga para mayor visibilidad.<\/p>\n<p>El dise\u00f1o general es adecuado para escenas al aire libre y tambi\u00e9n se puede usar a diario, teniendo en cuenta la funcionalidad y la moda.<\/p>","protected":false},"excerpt":{"rendered":"<p>Podemos ofrecer servicios OEM y ODM.<\/p>\n<p>Tama\u00f1o: personalizado<\/p>\n<p>Color:bloque de color<\/p>\n<p>Estilo: exterior<\/p>\n<p>Cantidad m\u00ednima de pedido: 500 piezas<\/p>","protected":false},"featured_media":4349,"template":"","meta":[],"product_brand":[],"product_cat":[224],"product_tag":[],"class_list":{"0":"post-4348","1":"product","2":"type-product","3":"status-publish","4":"has-post-thumbnail","6":"product_cat-ladies-jacket-ladies-clothing-2","8":"first","9":"instock","10":"shipping-taxable","11":"product-type-simple"},"_links":{"self":[{"href":"https:\/\/cciola-fashion.com\/es\/wp-json\/wp\/v2\/product\/4348","targetHints":{"allow":["GET"]}}],"collection":[{"href":"https:\/\/cciola-fashion.com\/es\/wp-json\/wp\/v2\/product"}],"about":[{"href":"https:\/\/cciola-fashion.com\/es\/wp-json\/wp\/v2\/types\/product"}],"version-history":[{"count":1,"href":"https:\/\/cciola-fashion.com\/es\/wp-json\/wp\/v2\/product\/4348\/revisions"}],"predecessor-version":[{"id":4351,"href":"https:\/\/cciola-fashion.com\/es\/wp-json\/wp\/v2\/product\/4348\/revisions\/4351"}],"wp:featuredmedia":[{"embeddable":true,"href":"https:\/\/cciola-fashion.com\/es\/wp-json\/wp\/v2\/media\/4349"}],"wp:attachment":[{"href":"https:\/\/cciola-fashion.com\/es\/wp-json\/wp\/v2\/media?parent=4348"}],"wp:term":[{"taxonomy":"product_brand","embeddable":true,"href":"https:\/\/cciola-fashion.com\/es\/wp-json\/wp\/v2\/product_brand?post=4348"},{"taxonomy":"product_cat","embeddable":true,"href":"https:\/\/cciola-fashion.com\/es\/wp-json\/wp\/v2\/product_cat?post=4348"},{"taxonomy":"product_tag","embeddable":true,"href":"https:\/\/cciola-fashion.com\/es\/wp-json\/wp\/v2\/product_tag?post=4348"}],"curies":[{"name":"wp","href":"https:\/\/api.w.org\/{rel}","templated":true}]}}