{"id":4340,"date":"2025-06-18T14:05:50","date_gmt":"2025-06-18T06:05:50","guid":{"rendered":"https:\/\/cciola-fashion.com\/?post_type=product&#038;p=4340"},"modified":"2025-06-18T14:59:22","modified_gmt":"2025-06-18T06:59:22","slug":"outdoor-style-color-block-jacket","status":"publish","type":"product","link":"https:\/\/cciola-fashion.com\/es\/outdoor-style-color-block-jacket.html","title":{"rendered":"Chaqueta con bloques de color estilo exterior"},"content":{"rendered":"<p>Costuras de color: El contraste de azul brillante y naranja crea un fuerte impacto visual, que no solo se adapta a la vitalidad del estilo outdoor, sino que tambi\u00e9n muestra un ingenioso dise\u00f1o \u00fanico. El azul transmite serenidad y el naranja es llamativo, haciendo que quien lo lleve sea m\u00e1s reconocible en exteriores.<\/p>\n<p>Dise\u00f1o estructural: el estilo con capucha proporciona protecci\u00f3n adicional para hacer frente al clima cambiante; la tapeta tiene un sistema de doble cierre de botones + cremalleras para mejorar la resistencia al viento y la calidez, y tambi\u00e9n es f\u00e1cil de poner y quitar; los bolsillos con cremallera est\u00e1n configurados en ambos lados, que son seguros y pr\u00e1cticos para guardar art\u00edculos peque\u00f1os como llaves y tel\u00e9fonos m\u00f3viles; los pu\u00f1os est\u00e1n equipados con cierres de velcro, que pueden ajustar de manera flexible la tensi\u00f3n, bloquear la entrada del viento fr\u00edo y mejorar el efecto general a prueba de viento.<\/p>\n<p>Genes de la marca: Como marca originaria de los Pa\u00edses Bajos y estrechamente vinculada a la cultura n\u00e1utica, Gaastra suele incorporar caracter\u00edsticas de rendimiento profesional para actividades al aire libre en su equipamiento. Esta chaqueta utiliza tejidos con propiedades impermeables y resistentes al desgaste, que satisfacen las necesidades de la navegaci\u00f3n y las actividades diarias al aire libre, y ayudan a afrontar entornos complejos como el viento y la lluvia.<\/p>","protected":false},"excerpt":{"rendered":"<p>Podemos ofrecer servicio OEM.<\/p>\n<p>Tama\u00f1o: personalizado<\/p>\n<p>Color:bloque de color<\/p>\n<p>Cantidad m\u00ednima de pedido: 500 piezas<\/p>","protected":false},"featured_media":4341,"template":"","meta":[],"product_brand":[],"product_cat":[170],"product_tag":[],"class_list":{"0":"post-4340","1":"product","2":"type-product","3":"status-publish","4":"has-post-thumbnail","6":"product_cat-mens-jacket","8":"first","9":"instock","10":"shipping-taxable","11":"product-type-simple"},"_links":{"self":[{"href":"https:\/\/cciola-fashion.com\/es\/wp-json\/wp\/v2\/product\/4340","targetHints":{"allow":["GET"]}}],"collection":[{"href":"https:\/\/cciola-fashion.com\/es\/wp-json\/wp\/v2\/product"}],"about":[{"href":"https:\/\/cciola-fashion.com\/es\/wp-json\/wp\/v2\/types\/product"}],"version-history":[{"count":2,"href":"https:\/\/cciola-fashion.com\/es\/wp-json\/wp\/v2\/product\/4340\/revisions"}],"predecessor-version":[{"id":4364,"href":"https:\/\/cciola-fashion.com\/es\/wp-json\/wp\/v2\/product\/4340\/revisions\/4364"}],"wp:featuredmedia":[{"embeddable":true,"href":"https:\/\/cciola-fashion.com\/es\/wp-json\/wp\/v2\/media\/4341"}],"wp:attachment":[{"href":"https:\/\/cciola-fashion.com\/es\/wp-json\/wp\/v2\/media?parent=4340"}],"wp:term":[{"taxonomy":"product_brand","embeddable":true,"href":"https:\/\/cciola-fashion.com\/es\/wp-json\/wp\/v2\/product_brand?post=4340"},{"taxonomy":"product_cat","embeddable":true,"href":"https:\/\/cciola-fashion.com\/es\/wp-json\/wp\/v2\/product_cat?post=4340"},{"taxonomy":"product_tag","embeddable":true,"href":"https:\/\/cciola-fashion.com\/es\/wp-json\/wp\/v2\/product_tag?post=4340"}],"curies":[{"name":"wp","href":"https:\/\/api.w.org\/{rel}","templated":true}]}}