{"id":4335,"date":"2025-06-17T15:16:56","date_gmt":"2025-06-17T07:16:56","guid":{"rendered":"https:\/\/cciola-fashion.com\/?post_type=product&#038;p=4335"},"modified":"2025-06-17T15:16:56","modified_gmt":"2025-06-17T07:16:56","slug":"girls-padding-jacket","status":"publish","type":"product","link":"https:\/\/cciola-fashion.com\/es\/girls-padding-jacket.html","title":{"rendered":"Chaqueta acolchada para ni\u00f1as"},"content":{"rendered":"<p>El dise\u00f1o con capucha corta es esponjoso y liviano, adecuado para ni\u00f1as de alrededor de 2 a 6 a\u00f1os.<br \/>\nCuello y forro de piel:<br \/>\nEl cuello de piel en el ala es de imitaci\u00f3n de piel de conejo beige claro (suave y no perforante), que se siente esponjoso y c\u00f3modo contra la cara, lo que le da a la carita &quot;calidez adicional&quot;;<br \/>\nEl forro es de color rosa claro (el mismo color que el cuerpo), agradable para la piel y suave, lo que reduce la electricidad est\u00e1tica.<br \/>\nDetalles de dise\u00f1o<br \/>\nDise\u00f1o con capucha: el sombrero es una capucha integrada y no se puede quitar (dise\u00f1o simplificado para evitar que el beb\u00e9 lo pierda), el cuello de piel es de color claro, que combina armoniosamente con el cuerpo rosa, no se ve abrupto y tambi\u00e9n puede hacer que la piel del beb\u00e9 sea m\u00e1s blanca.<br \/>\nBolsillos y decoraciones:<br \/>\nPeque\u00f1os bolsillos invisibles de doble cara, con peque\u00f1os adornos de botones a presi\u00f3n (c\u00edrculos rosas) sobre los bolsillos, que hacen eco de la cremallera y el cuello de piel.<br \/>\nLa tapeta es una cremallera de resina suave, y los pu\u00f1os y el dobladillo son ligeramente el\u00e1sticos, ajust\u00e1ndose a las mu\u00f1ecas y la cintura para bloquear el viento fr\u00edo;<\/p>","protected":false},"excerpt":{"rendered":"<p>Podemos ofrecer servicio OEM.<\/p>\n<p>Cantidad m\u00ednima de pedido: 500 piezas<\/p>\n<p>Tejido: poli\u00e9ster 100%<\/p>","protected":false},"featured_media":4336,"template":"","meta":[],"product_brand":[],"product_cat":[230],"product_tag":[],"class_list":{"0":"post-4335","1":"product","2":"type-product","3":"status-publish","4":"has-post-thumbnail","6":"product_cat-grls-padded-jacket","8":"first","9":"instock","10":"shipping-taxable","11":"product-type-simple"},"_links":{"self":[{"href":"https:\/\/cciola-fashion.com\/es\/wp-json\/wp\/v2\/product\/4335","targetHints":{"allow":["GET"]}}],"collection":[{"href":"https:\/\/cciola-fashion.com\/es\/wp-json\/wp\/v2\/product"}],"about":[{"href":"https:\/\/cciola-fashion.com\/es\/wp-json\/wp\/v2\/types\/product"}],"version-history":[{"count":1,"href":"https:\/\/cciola-fashion.com\/es\/wp-json\/wp\/v2\/product\/4335\/revisions"}],"predecessor-version":[{"id":4338,"href":"https:\/\/cciola-fashion.com\/es\/wp-json\/wp\/v2\/product\/4335\/revisions\/4338"}],"wp:featuredmedia":[{"embeddable":true,"href":"https:\/\/cciola-fashion.com\/es\/wp-json\/wp\/v2\/media\/4336"}],"wp:attachment":[{"href":"https:\/\/cciola-fashion.com\/es\/wp-json\/wp\/v2\/media?parent=4335"}],"wp:term":[{"taxonomy":"product_brand","embeddable":true,"href":"https:\/\/cciola-fashion.com\/es\/wp-json\/wp\/v2\/product_brand?post=4335"},{"taxonomy":"product_cat","embeddable":true,"href":"https:\/\/cciola-fashion.com\/es\/wp-json\/wp\/v2\/product_cat?post=4335"},{"taxonomy":"product_tag","embeddable":true,"href":"https:\/\/cciola-fashion.com\/es\/wp-json\/wp\/v2\/product_tag?post=4335"}],"curies":[{"name":"wp","href":"https:\/\/api.w.org\/{rel}","templated":true}]}}