{"id":4331,"date":"2025-06-17T15:09:54","date_gmt":"2025-06-17T07:09:54","guid":{"rendered":"https:\/\/cciola-fashion.com\/?post_type=product&#038;p=4331"},"modified":"2025-06-17T15:17:38","modified_gmt":"2025-06-17T07:17:38","slug":"4331","status":"publish","type":"product","link":"https:\/\/cciola-fashion.com\/es\/producto\/4331\/","title":{"rendered":"Chaqueta acolchada Caramel para ni\u00f1o"},"content":{"rendered":"<p>Esta es una chaqueta acolchada pr\u00e1ctica y sencilla para ni\u00f1os:<br \/>\n1. Estilo general y posicionamiento<br \/>\nEstilo funcional al aire libre + uso diario, dise\u00f1o con capucha corta, ordenado y sin arrastrar, adecuado para ni\u00f1os de alrededor de 6 a 12 a\u00f1os, ya sea que vayan a la escuela, jueguen al aire libre o vayan de compras, se puede usar, teniendo en cuenta la &quot;solo necesidad de calidez&quot; y &quot;frescura de los ni\u00f1os peque\u00f1os&quot;.<br \/>\n2. Material del n\u00facleo y calidez<br \/>\nTejido exterior: Probablemente sea tejido de poli\u00e9ster 100% a prueba de viento e impermeable, con una superficie n\u00edtida y resistente al desgaste, que puede hacer frente a lluvias ligeras, nieve o salpicaduras de barro en oto\u00f1o e invierno, y se puede lavar f\u00e1cilmente;<br \/>\nMaterial de relleno: Acolchado de imitaci\u00f3n, esponjosidad moderada, calidez suficiente para hacer frente al clima de alrededor de 0-10 \u2103, m\u00e1s liviano y con menos probabilidades de apelmazarse que la ropa de algod\u00f3n com\u00fan, y los ni\u00f1os no se sentir\u00e1n &quot;voluminosos&quot; cuando est\u00e9n activos;<br \/>\n3. Detalles de dise\u00f1o y funcionalidad<br \/>\nDise\u00f1o con capucha; el forro de la capucha es negro (haciendo eco del forro del cuerpo).<br \/>\nBolsillos:<br \/>\nBolsillos grandes tridimensionales de doble cara, con grandes aberturas y suficiente profundidad, los ni\u00f1os pueden guardar f\u00e1cilmente guantes, bocadillos, etc.<br \/>\nDetalles pr\u00e1cticos:<br \/>\n\u00a1La tapeta tiene doble cierre con cremallera y broches, lo que la hace m\u00e1s resistente al viento!<br \/>\nLos pu\u00f1os y el dobladillo son de canal\u00e9 ligeramente el\u00e1stico, adapt\u00e1ndose a la mu\u00f1eca y la cintura.<br \/>\n4. Color y escenas adecuadas<br \/>\nColor: marr\u00f3n caramelo oscuro, ambiente muy \u201cc\u00e1lido\u201d en oto\u00f1o e invierno.<\/p>","protected":false},"excerpt":{"rendered":"<p>This is a practical and simple puffer jacket for boys: 1. Overall style and positioning Outdoor functional style + daily<\/p>","protected":false},"featured_media":4332,"template":"","meta":[],"product_brand":[],"product_cat":[181],"product_tag":[],"class_list":{"0":"post-4331","1":"product","2":"type-product","3":"status-publish","4":"has-post-thumbnail","6":"product_cat-boys-padded-jacket","8":"first","9":"instock","10":"shipping-taxable","11":"product-type-simple"},"_links":{"self":[{"href":"https:\/\/cciola-fashion.com\/es\/wp-json\/wp\/v2\/product\/4331","targetHints":{"allow":["GET"]}}],"collection":[{"href":"https:\/\/cciola-fashion.com\/es\/wp-json\/wp\/v2\/product"}],"about":[{"href":"https:\/\/cciola-fashion.com\/es\/wp-json\/wp\/v2\/types\/product"}],"version-history":[{"count":2,"href":"https:\/\/cciola-fashion.com\/es\/wp-json\/wp\/v2\/product\/4331\/revisions"}],"predecessor-version":[{"id":4339,"href":"https:\/\/cciola-fashion.com\/es\/wp-json\/wp\/v2\/product\/4331\/revisions\/4339"}],"wp:featuredmedia":[{"embeddable":true,"href":"https:\/\/cciola-fashion.com\/es\/wp-json\/wp\/v2\/media\/4332"}],"wp:attachment":[{"href":"https:\/\/cciola-fashion.com\/es\/wp-json\/wp\/v2\/media?parent=4331"}],"wp:term":[{"taxonomy":"product_brand","embeddable":true,"href":"https:\/\/cciola-fashion.com\/es\/wp-json\/wp\/v2\/product_brand?post=4331"},{"taxonomy":"product_cat","embeddable":true,"href":"https:\/\/cciola-fashion.com\/es\/wp-json\/wp\/v2\/product_cat?post=4331"},{"taxonomy":"product_tag","embeddable":true,"href":"https:\/\/cciola-fashion.com\/es\/wp-json\/wp\/v2\/product_tag?post=4331"}],"curies":[{"name":"wp","href":"https:\/\/api.w.org\/{rel}","templated":true}]}}