{"id":4318,"date":"2025-06-17T14:09:21","date_gmt":"2025-06-17T06:09:21","guid":{"rendered":"https:\/\/cciola-fashion.com\/?post_type=product&#038;p=4318"},"modified":"2025-06-17T14:09:21","modified_gmt":"2025-06-17T06:09:21","slug":"mens-quilted-puffer-jacket","status":"publish","type":"product","link":"https:\/\/cciola-fashion.com\/es\/mens-quilted-puffer-jacket.html","title":{"rendered":"Chaqueta acolchada para hombre"},"content":{"rendered":"<p>Se trata de una chaqueta acolchada para hombre, toda ella de color azul brillante, visualmente muy llamativa.<\/p>\n<p>El dise\u00f1o de cuello alto es limpio y elegante, y puede resistir eficazmente el viento fr\u00edo.<br \/>\nLa superficie es un proceso de acolchado regular, que forma un \u00e1rea de relleno cuadrada, lo que hace que la chaqueta acolchada sea m\u00e1s r\u00edgida y evita que el material de algod\u00f3n interno se mueva.<\/p>\n<p>Tiene una cremallera negra en la parte delantera, f\u00e1cil de poner y quitar. A ambos lados, hay bolsillos sim\u00e9tricos con cremallera, pr\u00e1cticos y decorativos, ideales para guardar objetos peque\u00f1os.<\/p>\n<p>Los detalles de los pu\u00f1os y el dobladillo est\u00e1n bien manejados, se ajustan al cuerpo, retienen el calor y el estilo simple y generoso es adecuado para los desplazamientos diarios y las salidas de ocio.<\/p>\n<p>Es una prenda invernal que combina belleza y practicidad.<\/p>","protected":false},"excerpt":{"rendered":"<p>Estilo: cl\u00e1sico<\/p>\n<p>Tama\u00f1o: personalizado<\/p>\n<p>Color: azul marino oscuro<\/p>\n<p>Cantidad m\u00ednima de pedido: 500 piezas<\/p>\n<p>Podemos ofrecer servicio OEM.<\/p>","protected":false},"featured_media":4319,"template":"","meta":[],"product_brand":[],"product_cat":[169],"product_tag":[],"class_list":{"0":"post-4318","1":"product","2":"type-product","3":"status-publish","4":"has-post-thumbnail","6":"product_cat-mens-padded-jacket","8":"first","9":"instock","10":"shipping-taxable","11":"product-type-simple"},"_links":{"self":[{"href":"https:\/\/cciola-fashion.com\/es\/wp-json\/wp\/v2\/product\/4318","targetHints":{"allow":["GET"]}}],"collection":[{"href":"https:\/\/cciola-fashion.com\/es\/wp-json\/wp\/v2\/product"}],"about":[{"href":"https:\/\/cciola-fashion.com\/es\/wp-json\/wp\/v2\/types\/product"}],"version-history":[{"count":1,"href":"https:\/\/cciola-fashion.com\/es\/wp-json\/wp\/v2\/product\/4318\/revisions"}],"predecessor-version":[{"id":4321,"href":"https:\/\/cciola-fashion.com\/es\/wp-json\/wp\/v2\/product\/4318\/revisions\/4321"}],"wp:featuredmedia":[{"embeddable":true,"href":"https:\/\/cciola-fashion.com\/es\/wp-json\/wp\/v2\/media\/4319"}],"wp:attachment":[{"href":"https:\/\/cciola-fashion.com\/es\/wp-json\/wp\/v2\/media?parent=4318"}],"wp:term":[{"taxonomy":"product_brand","embeddable":true,"href":"https:\/\/cciola-fashion.com\/es\/wp-json\/wp\/v2\/product_brand?post=4318"},{"taxonomy":"product_cat","embeddable":true,"href":"https:\/\/cciola-fashion.com\/es\/wp-json\/wp\/v2\/product_cat?post=4318"},{"taxonomy":"product_tag","embeddable":true,"href":"https:\/\/cciola-fashion.com\/es\/wp-json\/wp\/v2\/product_tag?post=4318"}],"curies":[{"name":"wp","href":"https:\/\/api.w.org\/{rel}","templated":true}]}}