{"id":4314,"date":"2025-06-17T14:02:03","date_gmt":"2025-06-17T06:02:03","guid":{"rendered":"https:\/\/cciola-fashion.com\/?post_type=product&#038;p=4314"},"modified":"2025-06-17T14:02:03","modified_gmt":"2025-06-17T06:02:03","slug":"mens-casual-jacket-in-patchwork-color","status":"publish","type":"product","link":"https:\/\/cciola-fashion.com\/es\/mens-casual-jacket-in-patchwork-color.html","title":{"rendered":"Chaqueta casual para hombre en color patchwork"},"content":{"rendered":"<p>Esta chaqueta individual para hombre luce el cl\u00e1sico estilo de un uniforme de b\u00e9isbol. La tela es azul marino oscuro, el tejido brillante es exquisito, las mangas son de un rojo brillante y el dise\u00f1o en color contrastante es moderno y llamativo.<br \/>\nEl cuello, los pu\u00f1os y el bajo est\u00e1n acanalados del mismo color, lo que resulta elegante y se ajusta al cuerpo, adem\u00e1s de ser resistente al viento. La cremallera frontal facilita su uso. Luce un logo rojo estampado en el pecho izquierdo, y los bordes de los bolsillos laterales tambi\u00e9n est\u00e1n decorados en rojo, a juego con las mangas. El conjunto es unificado, informal y moderno, ideal para viajes diarios y otras ocasiones.<\/p>","protected":false},"excerpt":{"rendered":"<p>Tama\u00f1o: personalizado<\/p>\n<p>Estilo: Casual<\/p>\n<p>Color:bloque de color<\/p>\n<p>Cantidad m\u00ednima de pedido: 500 piezas<\/p>\n<p>Podemos ofrecer servicio OEM.<\/p>","protected":false},"featured_media":4315,"template":"","meta":[],"product_brand":[],"product_cat":[170],"product_tag":[],"class_list":{"0":"post-4314","1":"product","2":"type-product","3":"status-publish","4":"has-post-thumbnail","6":"product_cat-mens-jacket","8":"first","9":"instock","10":"shipping-taxable","11":"product-type-simple"},"_links":{"self":[{"href":"https:\/\/cciola-fashion.com\/es\/wp-json\/wp\/v2\/product\/4314","targetHints":{"allow":["GET"]}}],"collection":[{"href":"https:\/\/cciola-fashion.com\/es\/wp-json\/wp\/v2\/product"}],"about":[{"href":"https:\/\/cciola-fashion.com\/es\/wp-json\/wp\/v2\/types\/product"}],"version-history":[{"count":1,"href":"https:\/\/cciola-fashion.com\/es\/wp-json\/wp\/v2\/product\/4314\/revisions"}],"predecessor-version":[{"id":4317,"href":"https:\/\/cciola-fashion.com\/es\/wp-json\/wp\/v2\/product\/4314\/revisions\/4317"}],"wp:featuredmedia":[{"embeddable":true,"href":"https:\/\/cciola-fashion.com\/es\/wp-json\/wp\/v2\/media\/4315"}],"wp:attachment":[{"href":"https:\/\/cciola-fashion.com\/es\/wp-json\/wp\/v2\/media?parent=4314"}],"wp:term":[{"taxonomy":"product_brand","embeddable":true,"href":"https:\/\/cciola-fashion.com\/es\/wp-json\/wp\/v2\/product_brand?post=4314"},{"taxonomy":"product_cat","embeddable":true,"href":"https:\/\/cciola-fashion.com\/es\/wp-json\/wp\/v2\/product_cat?post=4314"},{"taxonomy":"product_tag","embeddable":true,"href":"https:\/\/cciola-fashion.com\/es\/wp-json\/wp\/v2\/product_tag?post=4314"}],"curies":[{"name":"wp","href":"https:\/\/api.w.org\/{rel}","templated":true}]}}