{"id":4309,"date":"2025-06-16T16:48:21","date_gmt":"2025-06-16T08:48:21","guid":{"rendered":"https:\/\/cciola-fashion.com\/?post_type=product&#038;p=4309"},"modified":"2025-06-16T16:48:21","modified_gmt":"2025-06-16T08:48:21","slug":"colorful-girls-padding-jacket","status":"publish","type":"product","link":"https:\/\/cciola-fashion.com\/es\/colorful-girls-padding-jacket.html","title":{"rendered":"Chaqueta acolchada colorida para ni\u00f1as"},"content":{"rendered":"<p>Esta colorida chaqueta acolchada, confeccionada en tela estampada a l\u00e1ser, presenta ricos degradados de colores como rosa, morado, amarillo y verde bajo diferentes \u00e1ngulos de iluminaci\u00f3n, lo que la hace muy atractiva. El dise\u00f1o de cuello alto es sencillo y elegante, con cremallera que se abre y se cierra para pon\u00e9rselo y quit\u00e1rselo f\u00e1cilmente. Su corte holgado se adapta a diversas complexiones, permitiendo una gran libertad de movimiento. Aunque parece ligera y fina, conserva bien el calor y resiste temperaturas ligeramente m\u00e1s bajas. Es ideal para salidas diarias y para jugar de forma informal, adem\u00e1s de ser moderna y pr\u00e1ctica.<\/p>","protected":false},"excerpt":{"rendered":"<p>Podemos ofrecer servicio OEM\/ODM.<\/p>\n<p>Cantidad m\u00ednima de pedido: 500 piezas<\/p>","protected":false},"featured_media":4310,"template":"","meta":[],"product_brand":[],"product_cat":[230],"product_tag":[],"class_list":{"0":"post-4309","1":"product","2":"type-product","3":"status-publish","4":"has-post-thumbnail","6":"product_cat-grls-padded-jacket","8":"first","9":"instock","10":"shipping-taxable","11":"product-type-simple"},"_links":{"self":[{"href":"https:\/\/cciola-fashion.com\/es\/wp-json\/wp\/v2\/product\/4309","targetHints":{"allow":["GET"]}}],"collection":[{"href":"https:\/\/cciola-fashion.com\/es\/wp-json\/wp\/v2\/product"}],"about":[{"href":"https:\/\/cciola-fashion.com\/es\/wp-json\/wp\/v2\/types\/product"}],"version-history":[{"count":1,"href":"https:\/\/cciola-fashion.com\/es\/wp-json\/wp\/v2\/product\/4309\/revisions"}],"predecessor-version":[{"id":4312,"href":"https:\/\/cciola-fashion.com\/es\/wp-json\/wp\/v2\/product\/4309\/revisions\/4312"}],"wp:featuredmedia":[{"embeddable":true,"href":"https:\/\/cciola-fashion.com\/es\/wp-json\/wp\/v2\/media\/4310"}],"wp:attachment":[{"href":"https:\/\/cciola-fashion.com\/es\/wp-json\/wp\/v2\/media?parent=4309"}],"wp:term":[{"taxonomy":"product_brand","embeddable":true,"href":"https:\/\/cciola-fashion.com\/es\/wp-json\/wp\/v2\/product_brand?post=4309"},{"taxonomy":"product_cat","embeddable":true,"href":"https:\/\/cciola-fashion.com\/es\/wp-json\/wp\/v2\/product_cat?post=4309"},{"taxonomy":"product_tag","embeddable":true,"href":"https:\/\/cciola-fashion.com\/es\/wp-json\/wp\/v2\/product_tag?post=4309"}],"curies":[{"name":"wp","href":"https:\/\/api.w.org\/{rel}","templated":true}]}}