{"id":4305,"date":"2025-06-16T16:29:19","date_gmt":"2025-06-16T08:29:19","guid":{"rendered":"https:\/\/cciola-fashion.com\/?post_type=product&#038;p=4305"},"modified":"2025-06-16T16:30:26","modified_gmt":"2025-06-16T08:30:26","slug":"minimalist-style-hooded-puffer-jacket","status":"publish","type":"product","link":"https:\/\/cciola-fashion.com\/es\/minimalist-style-hooded-puffer-jacket.html","title":{"rendered":"Chaqueta acolchada con capucha de estilo minimalista"},"content":{"rendered":"<div class=\"auto-hide-last-sibling-br paragraph-Oc488D paragraph-element br-paragraph-space\">1. Ajuste y estilo b\u00e1sicos<br \/>\nDise\u00f1o con capucha, ordenado y no descuidado, altamente adaptable a la forma del cuerpo, perteneciente al estilo pr\u00e1ctico de desplazamientos diarios y actividades ligeras al aire libre.<br \/>\n2. Tejido exterior: Tejido de nailon a prueba de viento, con una superficie lisa y un cierto brillo, que posee capacidades b\u00e1sicas a prueba de viento y lluvia (para hacer frente al clima invernal h\u00famedo y fr\u00edo), resistente al desgaste y duradero, y no se forma bolitas ni se deforma f\u00e1cilmente.<br \/>\nMaterial de relleno: algod\u00f3n de imitaci\u00f3n de plum\u00f3n,<br \/>\nForro: Hecho de material de poli\u00e9ster, suave y agradable para la piel, reduciendo la fricci\u00f3n entre el relleno de algod\u00f3n y la piel, mejorando la comodidad de uso.<br \/>\n3. Estructura y dise\u00f1o de detalle: Estructura c\u00e1lida: capucha + cuello de piel: el sombrero es un dise\u00f1o de capucha de una sola pieza, combinado con un cuello de piel que se asemeja a un perro mapache (esponjoso, suave, visualmente elevador), que puede proteger el cuello y la frente y resistir vientos fr\u00edos; cabello<br \/>\nProceso de acolchado: Costura horizontal con superficie regular, relleno de algod\u00f3n fijo para evitar desplazamientos y corridas del algod\u00f3n, a la vez que hace que el patr\u00f3n sea m\u00e1s r\u00edgido y evita la hinchaz\u00f3n.<br \/>\nAlmacenamiento y detalles pr\u00e1cticos: bolsillos inclinados de doble cara: cierre con cremallera, seguro y antirrobo, puede sujetar las manos para abrigarse y tambi\u00e9n puede contener art\u00edculos peque\u00f1os como tel\u00e9fonos y llaves; Cremallera principal: cremallera lisa de metal o resina que recorre todo el cuerpo, f\u00e1cil de abrir y cerrar, y puede tener un dise\u00f1o &quot;antipellizco&quot; en el cuello para evitar que la piel se atasque con la cremallera; Cierre acanalado: los pu\u00f1os y el dobladillo est\u00e1n hechos de cierre acanalado (o tela el\u00e1stica), que se ajusta al cuerpo, retiene el calor sin ventilaci\u00f3n y no se acumula polvo f\u00e1cilmente durante el movimiento.<br \/>\n4. Color: Caqui claro, suave y vers\u00e1til, no exigente con el tono de piel, m\u00e1s claro que el negro, adecuado para personas que desean usar colores c\u00e1lidos y temen la opacidad en invierno.<\/div>","protected":false},"excerpt":{"rendered":"<p>Podemos ofrecer servicio OEM\/ODM.<\/p>\n<p>Somos un fabricante profesional en el campo de las chaquetas.<\/p>","protected":false},"featured_media":4306,"template":"","meta":[],"product_brand":[],"product_cat":[218],"product_tag":[],"class_list":{"0":"post-4305","1":"product","2":"type-product","3":"status-publish","4":"has-post-thumbnail","6":"product_cat-ladies-padded-jacket-ladies-clothing-2","8":"first","9":"instock","10":"shipping-taxable","11":"product-type-simple"},"_links":{"self":[{"href":"https:\/\/cciola-fashion.com\/es\/wp-json\/wp\/v2\/product\/4305","targetHints":{"allow":["GET"]}}],"collection":[{"href":"https:\/\/cciola-fashion.com\/es\/wp-json\/wp\/v2\/product"}],"about":[{"href":"https:\/\/cciola-fashion.com\/es\/wp-json\/wp\/v2\/types\/product"}],"version-history":[{"count":1,"href":"https:\/\/cciola-fashion.com\/es\/wp-json\/wp\/v2\/product\/4305\/revisions"}],"predecessor-version":[{"id":4308,"href":"https:\/\/cciola-fashion.com\/es\/wp-json\/wp\/v2\/product\/4305\/revisions\/4308"}],"wp:featuredmedia":[{"embeddable":true,"href":"https:\/\/cciola-fashion.com\/es\/wp-json\/wp\/v2\/media\/4306"}],"wp:attachment":[{"href":"https:\/\/cciola-fashion.com\/es\/wp-json\/wp\/v2\/media?parent=4305"}],"wp:term":[{"taxonomy":"product_brand","embeddable":true,"href":"https:\/\/cciola-fashion.com\/es\/wp-json\/wp\/v2\/product_brand?post=4305"},{"taxonomy":"product_cat","embeddable":true,"href":"https:\/\/cciola-fashion.com\/es\/wp-json\/wp\/v2\/product_cat?post=4305"},{"taxonomy":"product_tag","embeddable":true,"href":"https:\/\/cciola-fashion.com\/es\/wp-json\/wp\/v2\/product_tag?post=4305"}],"curies":[{"name":"wp","href":"https:\/\/api.w.org\/{rel}","templated":true}]}}