{"id":4301,"date":"2025-06-16T16:18:55","date_gmt":"2025-06-16T08:18:55","guid":{"rendered":"https:\/\/cciola-fashion.com\/?post_type=product&#038;p=4301"},"modified":"2025-06-16T16:18:55","modified_gmt":"2025-06-16T08:18:55","slug":"outdoor-soft-shell-jacket","status":"publish","type":"product","link":"https:\/\/cciola-fashion.com\/es\/outdoor-soft-shell-jacket.html","title":{"rendered":"Chaqueta softshell para exteriores"},"content":{"rendered":"<p>Color: El cuerpo principal es un azul cielo brillante, con una cremallera rosa. El dise\u00f1o de color contrastante es llamativo y din\u00e1mico, lo que lo hace f\u00e1cil de reconocer en exteriores.<br \/>\nEstilo: Cuello alto ajustado, se adapta a la figura, movimiento sin restricciones, ordenado y en\u00e9rgico, adecuado para senderismo, monta\u00f1ismo y otros deportes.<br \/>\nMaterial: Tejido softshell, a prueba de viento, con cierta repelencia al agua y transpirabilidad, adecuado para el clima cambiante del exterior.<br \/>\nDetalles: Bolsillos con m\u00faltiples cremalleras (en el pecho y laterales) para organizar y guardar objetos peque\u00f1os con facilidad. El dobladillo y los pu\u00f1os est\u00e1n dise\u00f1ados para proteger del viento y mantener la temperatura. El peque\u00f1o logotipo de la marca en el dobladillo le da un toque distintivo. Es una opci\u00f3n pr\u00e1ctica y elegante para tus looks de exterior.<br \/>\nEstructura funcional<br \/>\nCuello alto + abertura frontal cortavientos: El cuello alto se levanta para proteger el cuello. La cremallera (capa interna de la abertura frontal o estructura oculta) cuenta con un dise\u00f1o cortavientos para evitar la entrada de aire fr\u00edo.<br \/>\nBolsillos tridimensionales: Ambos lados del pecho delantero cuentan con bolsillos inclinados con cremallera, ideales para abrigarse y para guardar objetos peque\u00f1os (como el m\u00f3vil y las llaves). En el brazo izquierdo, una peque\u00f1a bolsa con pegatinas combina decoraci\u00f3n y practicidad (puede guardar tarjetas y recibos).<br \/>\nDetalles pr\u00e1cticos:<br \/>\nLa cremallera es de color oscuro, en contraste con el verde, suave y duradera.<br \/>\nAunque los pu\u00f1os y los dobladillos no tienen ribetes acanalados evidentes, el tejido en s\u00ed tiene un cierto grado de rigidez, lo que hace que sea menos probable que entre el viento durante el movimiento y conserva la pulcritud del atuendo.<\/p>","protected":false},"excerpt":{"rendered":"<p>Podemos ofrecer servicio OEM\/ODM.<\/p>\n<p>Color: azul brillante<\/p>\n<p>Tama\u00f1o: personalizado<\/p>\n<p>Cantidad m\u00ednima de pedido: 500 piezas<\/p>","protected":false},"featured_media":4302,"template":"","meta":[],"product_brand":[],"product_cat":[224],"product_tag":[],"class_list":{"0":"post-4301","1":"product","2":"type-product","3":"status-publish","4":"has-post-thumbnail","6":"product_cat-ladies-jacket-ladies-clothing-2","8":"first","9":"instock","10":"shipping-taxable","11":"product-type-simple"},"_links":{"self":[{"href":"https:\/\/cciola-fashion.com\/es\/wp-json\/wp\/v2\/product\/4301","targetHints":{"allow":["GET"]}}],"collection":[{"href":"https:\/\/cciola-fashion.com\/es\/wp-json\/wp\/v2\/product"}],"about":[{"href":"https:\/\/cciola-fashion.com\/es\/wp-json\/wp\/v2\/types\/product"}],"version-history":[{"count":1,"href":"https:\/\/cciola-fashion.com\/es\/wp-json\/wp\/v2\/product\/4301\/revisions"}],"predecessor-version":[{"id":4304,"href":"https:\/\/cciola-fashion.com\/es\/wp-json\/wp\/v2\/product\/4301\/revisions\/4304"}],"wp:featuredmedia":[{"embeddable":true,"href":"https:\/\/cciola-fashion.com\/es\/wp-json\/wp\/v2\/media\/4302"}],"wp:attachment":[{"href":"https:\/\/cciola-fashion.com\/es\/wp-json\/wp\/v2\/media?parent=4301"}],"wp:term":[{"taxonomy":"product_brand","embeddable":true,"href":"https:\/\/cciola-fashion.com\/es\/wp-json\/wp\/v2\/product_brand?post=4301"},{"taxonomy":"product_cat","embeddable":true,"href":"https:\/\/cciola-fashion.com\/es\/wp-json\/wp\/v2\/product_cat?post=4301"},{"taxonomy":"product_tag","embeddable":true,"href":"https:\/\/cciola-fashion.com\/es\/wp-json\/wp\/v2\/product_tag?post=4301"}],"curies":[{"name":"wp","href":"https:\/\/api.w.org\/{rel}","templated":true}]}}