{"id":4297,"date":"2025-06-16T16:04:08","date_gmt":"2025-06-16T08:04:08","guid":{"rendered":"https:\/\/cciola-fashion.com\/?post_type=product&#038;p=4297"},"modified":"2025-06-16T16:04:08","modified_gmt":"2025-06-16T08:04:08","slug":"outdoor-functional-windbreaker","status":"publish","type":"product","link":"https:\/\/cciola-fashion.com\/es\/outdoor-functional-windbreaker.html","title":{"rendered":"Cortavientos funcional para exteriores"},"content":{"rendered":"<p>Patr\u00f3n b\u00e1sico<br \/>\nEl dise\u00f1o de cuello alto corto es elegante y elegante, sin rebajar la altura. Es ideal para desplazamientos diarios y actividades al aire libre, y se adapta perfectamente a las siluetas.<br \/>\nColor y material<br \/>\nColor: Verde oliva de baja saturaci\u00f3n, tranquilo pero con sensaci\u00f3n de textura, que exuda naturalmente una atm\u00f3sfera al aire libre y no pasa de moda f\u00e1cilmente.<br \/>\nTejido: La capa exterior es un tejido funcional, resistente al viento y al agua. Su superficie es fresca y resiste la lluvia ligera y el viento fr\u00edo. El forro interior est\u00e1 relleno de algod\u00f3n de imitaci\u00f3n de plum\u00f3n y se fija mediante tecnolog\u00eda de acolchado para evitar fugas de plum\u00f3n y garantizar la retenci\u00f3n del calor.<br \/>\nDise\u00f1o detallado<br \/>\nEstructura funcional<br \/>\nCuello alto + abertura frontal cortavientos: El cuello alto se levanta para proteger el cuello. La cremallera (capa interna de la abertura frontal o estructura oculta) cuenta con un dise\u00f1o cortavientos para evitar la entrada de aire fr\u00edo.<br \/>\nBolsillos tridimensionales: Ambos lados del pecho delantero cuentan con bolsillos inclinados con cremallera, ideales para abrigarse y para guardar objetos peque\u00f1os (como el m\u00f3vil y las llaves). En el brazo izquierdo, una peque\u00f1a bolsa con pegatinas combina decoraci\u00f3n y practicidad (puede guardar tarjetas y recibos).<br \/>\nDetalles pr\u00e1cticos:<br \/>\nLa cremallera es de color oscuro, en contraste con el verde, suave y duradera.<br \/>\nAunque los pu\u00f1os y los dobladillos no tienen ribetes acanalados evidentes, el tejido en s\u00ed tiene un cierto grado de rigidez, lo que hace que sea menos probable que entre el viento durante el movimiento y conserva la pulcritud del atuendo.<\/p>","protected":false},"excerpt":{"rendered":"<p>Podemos ofrecer servicio OEM\/ODM.<\/p>\n<p>Color: personalizado<\/p>\n<p>Tama\u00f1o: personalizado<\/p>\n<p>Cantidad m\u00ednima de pedido: 500 piezas<\/p>","protected":false},"featured_media":4298,"template":"","meta":[],"product_brand":[],"product_cat":[169],"product_tag":[],"class_list":{"0":"post-4297","1":"product","2":"type-product","3":"status-publish","4":"has-post-thumbnail","6":"product_cat-mens-padded-jacket","8":"first","9":"instock","10":"shipping-taxable","11":"product-type-simple"},"_links":{"self":[{"href":"https:\/\/cciola-fashion.com\/es\/wp-json\/wp\/v2\/product\/4297","targetHints":{"allow":["GET"]}}],"collection":[{"href":"https:\/\/cciola-fashion.com\/es\/wp-json\/wp\/v2\/product"}],"about":[{"href":"https:\/\/cciola-fashion.com\/es\/wp-json\/wp\/v2\/types\/product"}],"version-history":[{"count":1,"href":"https:\/\/cciola-fashion.com\/es\/wp-json\/wp\/v2\/product\/4297\/revisions"}],"predecessor-version":[{"id":4300,"href":"https:\/\/cciola-fashion.com\/es\/wp-json\/wp\/v2\/product\/4297\/revisions\/4300"}],"wp:featuredmedia":[{"embeddable":true,"href":"https:\/\/cciola-fashion.com\/es\/wp-json\/wp\/v2\/media\/4298"}],"wp:attachment":[{"href":"https:\/\/cciola-fashion.com\/es\/wp-json\/wp\/v2\/media?parent=4297"}],"wp:term":[{"taxonomy":"product_brand","embeddable":true,"href":"https:\/\/cciola-fashion.com\/es\/wp-json\/wp\/v2\/product_brand?post=4297"},{"taxonomy":"product_cat","embeddable":true,"href":"https:\/\/cciola-fashion.com\/es\/wp-json\/wp\/v2\/product_cat?post=4297"},{"taxonomy":"product_tag","embeddable":true,"href":"https:\/\/cciola-fashion.com\/es\/wp-json\/wp\/v2\/product_tag?post=4297"}],"curies":[{"name":"wp","href":"https:\/\/api.w.org\/{rel}","templated":true}]}}