{"id":4281,"date":"2025-06-13T18:40:33","date_gmt":"2025-06-13T10:40:33","guid":{"rendered":"https:\/\/cciola-fashion.com\/?post_type=product&#038;p=4281"},"modified":"2025-06-13T18:40:33","modified_gmt":"2025-06-13T10:40:33","slug":"reversible-girls-jacket","status":"publish","type":"product","link":"https:\/\/cciola-fashion.com\/es\/reversible-girls-jacket.html","title":{"rendered":"Chaqueta reversible para ni\u00f1as"},"content":{"rendered":"<p>Apariencia: Utiliza tela acolchada plateada brillante, presentando una textura plisada \u00fanica, que es visualmente reconocible; el dise\u00f1o con capucha, la apertura y el cierre de la cremallera son simples y prolijos, y la apariencia general es moderna y llena de infantilismo.<br \/>\nEstilo: Combinando tendencias de moda con una calidez pr\u00e1ctica, el material brillante tiene sus propios atributos de tendencia, y el borde afelpado crea un ambiente encantador y c\u00e1lido. El dise\u00f1o de doble cara ampl\u00eda las posibilidades de estilo. Se pueden cambiar diferentes estilos seg\u00fan las necesidades, ideal para salidas de moda, ocio y juegos.<br \/>\nDise\u00f1o: Doble cara: un lado con un acolchado brillante, moderno y llamativo; el otro lado con felpa corta, suave, agradable para la piel y c\u00e1lido. Mejora la retenci\u00f3n de calor y la integridad de la prenda.<br \/>\nOcasiones adecuadas: adecuado para la escuela diaria, juegos al aire libre, viajes entre padres e hijos y otras ocasiones.<\/p>","protected":false},"excerpt":{"rendered":"<p>Podemos ofrecer servicio OEM.<\/p>\n<p>Tejido: poli\u00e9ster 100%<\/p>\n<p>Color: color s\u00f3lido<\/p>\n<p>Cantidad m\u00ednima de pedido: 500 piezas<\/p>","protected":false},"featured_media":4282,"template":"","meta":[],"product_brand":[],"product_cat":[237],"product_tag":[],"class_list":{"0":"post-4281","1":"product","2":"type-product","3":"status-publish","4":"has-post-thumbnail","6":"product_cat-grls-jacket","8":"first","9":"instock","10":"shipping-taxable","11":"product-type-simple"},"_links":{"self":[{"href":"https:\/\/cciola-fashion.com\/es\/wp-json\/wp\/v2\/product\/4281","targetHints":{"allow":["GET"]}}],"collection":[{"href":"https:\/\/cciola-fashion.com\/es\/wp-json\/wp\/v2\/product"}],"about":[{"href":"https:\/\/cciola-fashion.com\/es\/wp-json\/wp\/v2\/types\/product"}],"version-history":[{"count":1,"href":"https:\/\/cciola-fashion.com\/es\/wp-json\/wp\/v2\/product\/4281\/revisions"}],"predecessor-version":[{"id":4287,"href":"https:\/\/cciola-fashion.com\/es\/wp-json\/wp\/v2\/product\/4281\/revisions\/4287"}],"wp:featuredmedia":[{"embeddable":true,"href":"https:\/\/cciola-fashion.com\/es\/wp-json\/wp\/v2\/media\/4282"}],"wp:attachment":[{"href":"https:\/\/cciola-fashion.com\/es\/wp-json\/wp\/v2\/media?parent=4281"}],"wp:term":[{"taxonomy":"product_brand","embeddable":true,"href":"https:\/\/cciola-fashion.com\/es\/wp-json\/wp\/v2\/product_brand?post=4281"},{"taxonomy":"product_cat","embeddable":true,"href":"https:\/\/cciola-fashion.com\/es\/wp-json\/wp\/v2\/product_cat?post=4281"},{"taxonomy":"product_tag","embeddable":true,"href":"https:\/\/cciola-fashion.com\/es\/wp-json\/wp\/v2\/product_tag?post=4281"}],"curies":[{"name":"wp","href":"https:\/\/api.w.org\/{rel}","templated":true}]}}