{"id":4277,"date":"2025-06-13T18:21:27","date_gmt":"2025-06-13T10:21:27","guid":{"rendered":"https:\/\/cciola-fashion.com\/?post_type=product&#038;p=4277"},"modified":"2025-06-13T18:21:27","modified_gmt":"2025-06-13T10:21:27","slug":"colorblock-field-jacket","status":"publish","type":"product","link":"https:\/\/cciola-fashion.com\/es\/colorblock-field-jacket.html","title":{"rendered":"Chaqueta de campo con bloques de color"},"content":{"rendered":"<p>Apariencia: La parte principal es gris claro, con costuras en azul marino y beige, y la combinaci\u00f3n de colores es armoniosa y con m\u00faltiples capas. El cuello alto y la parte delantera cuentan con un sistema de apertura y cierre compuesto por bot\u00f3n y cremallera, lo que aporta detalles y practicidad. Cuenta con bolsillos inclinados a ambos lados y pu\u00f1os termorretr\u00e1ctiles. Su aspecto general es impecable y cuenta con las caracter\u00edsticas funcionales de la ropa de exterior.<br \/>\nEstilo: Combinando la funcionalidad al aire libre con el estilo de ocio urbano, los elementos de combinaci\u00f3n de colores y la estructura pr\u00e1ctica satisfacen las necesidades funcionales de la exploraci\u00f3n al aire libre, y la versi\u00f3n simple y la combinaci\u00f3n de colores se pueden adaptar al uso urbano diario, que se puede cambiar f\u00e1cilmente entre escenas al aire libre y viajes diarios.<br \/>\nDise\u00f1o: El cuello alto es c\u00e1lido y resistente al viento, y la apertura y el cierre con bot\u00f3n + cremallera son f\u00e1ciles de poner y quitar y se pueden ajustar seg\u00fan sea necesario; los bolsillos inclinados son convenientes para el almacenamiento.<br \/>\nOcasiones adecuadas: se puede usar en escenas al aire libre suaves (como senderismo y ciclismo por la ciudad), viajes diarios, compras informales, etc. Se puede usar con pantalones deportivos para un estilo funcional al aire libre y con jeans para crear un ambiente informal y relajado, con alta adaptabilidad a la escena.<\/p>","protected":false},"excerpt":{"rendered":"<p>Podemos ofrecer servicio OEM.<\/p>\n<p>Carcasa: poli\u00e9ster 100%<\/p>\n<p>Color:bloque de color<\/p>\n<p>Tama\u00f1o: personalizado<\/p>\n<p>Cantidad m\u00ednima de pedido: 500 piezas<\/p>","protected":false},"featured_media":4278,"template":"","meta":[],"product_brand":[],"product_cat":[224],"product_tag":[],"class_list":{"0":"post-4277","1":"product","2":"type-product","3":"status-publish","4":"has-post-thumbnail","6":"product_cat-ladies-jacket-ladies-clothing-2","8":"first","9":"instock","10":"shipping-taxable","11":"product-type-simple"},"_links":{"self":[{"href":"https:\/\/cciola-fashion.com\/es\/wp-json\/wp\/v2\/product\/4277","targetHints":{"allow":["GET"]}}],"collection":[{"href":"https:\/\/cciola-fashion.com\/es\/wp-json\/wp\/v2\/product"}],"about":[{"href":"https:\/\/cciola-fashion.com\/es\/wp-json\/wp\/v2\/types\/product"}],"version-history":[{"count":1,"href":"https:\/\/cciola-fashion.com\/es\/wp-json\/wp\/v2\/product\/4277\/revisions"}],"predecessor-version":[{"id":4280,"href":"https:\/\/cciola-fashion.com\/es\/wp-json\/wp\/v2\/product\/4277\/revisions\/4280"}],"wp:featuredmedia":[{"embeddable":true,"href":"https:\/\/cciola-fashion.com\/es\/wp-json\/wp\/v2\/media\/4278"}],"wp:attachment":[{"href":"https:\/\/cciola-fashion.com\/es\/wp-json\/wp\/v2\/media?parent=4277"}],"wp:term":[{"taxonomy":"product_brand","embeddable":true,"href":"https:\/\/cciola-fashion.com\/es\/wp-json\/wp\/v2\/product_brand?post=4277"},{"taxonomy":"product_cat","embeddable":true,"href":"https:\/\/cciola-fashion.com\/es\/wp-json\/wp\/v2\/product_cat?post=4277"},{"taxonomy":"product_tag","embeddable":true,"href":"https:\/\/cciola-fashion.com\/es\/wp-json\/wp\/v2\/product_tag?post=4277"}],"curies":[{"name":"wp","href":"https:\/\/api.w.org\/{rel}","templated":true}]}}