{"id":4273,"date":"2025-06-13T18:06:27","date_gmt":"2025-06-13T10:06:27","guid":{"rendered":"https:\/\/cciola-fashion.com\/?post_type=product&#038;p=4273"},"modified":"2025-06-13T18:06:27","modified_gmt":"2025-06-13T10:06:27","slug":"colorblock-short-down-jacket","status":"publish","type":"product","link":"https:\/\/cciola-fashion.com\/es\/colorblock-short-down-jacket.html","title":{"rendered":"Chaqueta corta de plumas con bloques de color"},"content":{"rendered":"<p>Esta chaqueta corta de plum\u00f3n se presenta en una combinaci\u00f3n de colores amarillo brillante y negro, con cuello alto y un relleno mullido y esponjoso. Su estilo moderno e informal combina funcionalidad para exteriores con un toque de estilo. Est\u00e1 rellena de plum\u00f3n 90% para una buena retenci\u00f3n del calor; el cuello alto, el cierre de cremallera y los bolsillos laterales son pr\u00e1cticos y elegantes. Es una versi\u00f3n corta e informal ideal para viajes diarios, actividades ligeras al aire libre y otras ocasiones. Puede ser usada tanto por hombres como por mujeres. Es f\u00e1cil de combinar con pantalones para crear un estilo casual o de exterior. No se apelmaza f\u00e1cilmente al lavarla a m\u00e1quina. Es c\u00e1lida, moderna y pr\u00e1ctica.<\/p>","protected":false},"excerpt":{"rendered":"<p>Podemos ofrecer servicio OEM.<\/p>\n<p>Carcasa: poli\u00e9ster 100%<\/p>\n<p>Relleno:abajo<\/p>\n<p>Color: negro y amarillo<\/p>\n<p>Tama\u00f1o: personalizado<\/p>\n<p>Cantidad m\u00ednima de pedido: 500 piezas<\/p>","protected":false},"featured_media":4274,"template":"","meta":[],"product_brand":[],"product_cat":[169],"product_tag":[],"class_list":{"0":"post-4273","1":"product","2":"type-product","3":"status-publish","4":"has-post-thumbnail","6":"product_cat-mens-padded-jacket","8":"first","9":"instock","10":"shipping-taxable","11":"product-type-simple"},"_links":{"self":[{"href":"https:\/\/cciola-fashion.com\/es\/wp-json\/wp\/v2\/product\/4273","targetHints":{"allow":["GET"]}}],"collection":[{"href":"https:\/\/cciola-fashion.com\/es\/wp-json\/wp\/v2\/product"}],"about":[{"href":"https:\/\/cciola-fashion.com\/es\/wp-json\/wp\/v2\/types\/product"}],"version-history":[{"count":1,"href":"https:\/\/cciola-fashion.com\/es\/wp-json\/wp\/v2\/product\/4273\/revisions"}],"predecessor-version":[{"id":4276,"href":"https:\/\/cciola-fashion.com\/es\/wp-json\/wp\/v2\/product\/4273\/revisions\/4276"}],"wp:featuredmedia":[{"embeddable":true,"href":"https:\/\/cciola-fashion.com\/es\/wp-json\/wp\/v2\/media\/4274"}],"wp:attachment":[{"href":"https:\/\/cciola-fashion.com\/es\/wp-json\/wp\/v2\/media?parent=4273"}],"wp:term":[{"taxonomy":"product_brand","embeddable":true,"href":"https:\/\/cciola-fashion.com\/es\/wp-json\/wp\/v2\/product_brand?post=4273"},{"taxonomy":"product_cat","embeddable":true,"href":"https:\/\/cciola-fashion.com\/es\/wp-json\/wp\/v2\/product_cat?post=4273"},{"taxonomy":"product_tag","embeddable":true,"href":"https:\/\/cciola-fashion.com\/es\/wp-json\/wp\/v2\/product_tag?post=4273"}],"curies":[{"name":"wp","href":"https:\/\/api.w.org\/{rel}","templated":true}]}}