{"id":4261,"date":"2025-06-11T17:17:33","date_gmt":"2025-06-11T09:17:33","guid":{"rendered":"https:\/\/cciola-fashion.com\/?post_type=product&#038;p=4261"},"modified":"2025-06-11T17:22:19","modified_gmt":"2025-06-11T09:22:19","slug":"womens-long-hooded-puffer-vest","status":"publish","type":"product","link":"https:\/\/cciola-fashion.com\/es\/womens-long-hooded-puffer-vest.html","title":{"rendered":"Chaleco largo acolchado con capucha para mujer"},"content":{"rendered":"<p>Estilo: El dise\u00f1o largo sin mangas y con capucha agrega una sensaci\u00f3n de ocio, el largo es aproximadamente hasta la posici\u00f3n de la cadera o el muslo.<\/p>\n<p>Puede modificar la forma del cuerpo, adecuado para una variedad de prendas interiores.<\/p>\n<p>Color: Es un color c\u00farcuma brillante, llamativo y en\u00e9rgico, que rompe la monoton\u00eda del oto\u00f1o y el invierno.<\/p>\n<p>Detalles: La superficie tiene una textura acolchada, lo que hace que el relleno sea m\u00e1s uniforme, c\u00e1lido y no f\u00e1cil de correr; el dise\u00f1o de m\u00faltiples bolsillos (bolsillo peque\u00f1o en el pecho, bolsillos grandes en ambos lados, etc.) es pr\u00e1ctico y rico en visi\u00f3n; hay hebillas de ajuste en el lateral, que pueden ajustar la tensi\u00f3n del dobladillo y aumentar la plasticidad del uso; la cremallera es suave y f\u00e1cil de poner y quitar.<\/p>\n<p>Este chaleco es ideal para usar en capas en oto\u00f1o e invierno. Usar su\u00e9teres, sudaderas, etc., por dentro ayuda a abrigarse y a crear un estilo moderno.<\/p>","protected":false},"excerpt":{"rendered":"<p>Carcasa: nailon 100%<\/p>\n<p>Relleno: 100%Polyster<\/p>\n<p>Tama\u00f1o: personalizado<\/p>\n<p>Color: personalizado<\/p>\n<p>Cantidad m\u00ednima de pedido: 500 piezas<\/p>","protected":false},"featured_media":4262,"template":"","meta":[],"product_brand":[],"product_cat":[218],"product_tag":[],"class_list":{"0":"post-4261","1":"product","2":"type-product","3":"status-publish","4":"has-post-thumbnail","6":"product_cat-ladies-padded-jacket-ladies-clothing-2","8":"first","9":"instock","10":"shipping-taxable","11":"product-type-simple"},"_links":{"self":[{"href":"https:\/\/cciola-fashion.com\/es\/wp-json\/wp\/v2\/product\/4261","targetHints":{"allow":["GET"]}}],"collection":[{"href":"https:\/\/cciola-fashion.com\/es\/wp-json\/wp\/v2\/product"}],"about":[{"href":"https:\/\/cciola-fashion.com\/es\/wp-json\/wp\/v2\/types\/product"}],"version-history":[{"count":1,"href":"https:\/\/cciola-fashion.com\/es\/wp-json\/wp\/v2\/product\/4261\/revisions"}],"predecessor-version":[{"id":4264,"href":"https:\/\/cciola-fashion.com\/es\/wp-json\/wp\/v2\/product\/4261\/revisions\/4264"}],"wp:featuredmedia":[{"embeddable":true,"href":"https:\/\/cciola-fashion.com\/es\/wp-json\/wp\/v2\/media\/4262"}],"wp:attachment":[{"href":"https:\/\/cciola-fashion.com\/es\/wp-json\/wp\/v2\/media?parent=4261"}],"wp:term":[{"taxonomy":"product_brand","embeddable":true,"href":"https:\/\/cciola-fashion.com\/es\/wp-json\/wp\/v2\/product_brand?post=4261"},{"taxonomy":"product_cat","embeddable":true,"href":"https:\/\/cciola-fashion.com\/es\/wp-json\/wp\/v2\/product_cat?post=4261"},{"taxonomy":"product_tag","embeddable":true,"href":"https:\/\/cciola-fashion.com\/es\/wp-json\/wp\/v2\/product_tag?post=4261"}],"curies":[{"name":"wp","href":"https:\/\/api.w.org\/{rel}","templated":true}]}}