{"id":4249,"date":"2025-06-11T16:46:51","date_gmt":"2025-06-11T08:46:51","guid":{"rendered":"https:\/\/cciola-fashion.com\/?post_type=product&#038;p=4249"},"modified":"2025-06-11T17:23:08","modified_gmt":"2025-06-11T09:23:08","slug":"chaqueta-acolchada-con-capucha-y-bloques-de-color-para-ninos","status":"publish","type":"product","link":"https:\/\/cciola-fashion.com\/es\/chaqueta-acolchada-con-capucha-y-bloques-de-color-para-nino-html","title":{"rendered":"Chaqueta acolchada con capucha y bloques de color para ni\u00f1o"},"content":{"rendered":"<p>Estilo: el dise\u00f1o con capucha puede bloquear el viento en la cabeza y la cremallera est\u00e1 completamente abierta para usarla y quitarla f\u00e1cilmente;<\/p>\n<p>La versi\u00f3n general corta y suelta no restringe el movimiento, lo que es adecuado para las caracter\u00edsticas animadas y activas de los ni\u00f1os.<br \/>\nCosturas de color: Las costuras de color principales son gris oscuro y gris claro, que son simples y en capas, cl\u00e1sicas y duraderas, y no elegantes, lo que est\u00e1 en l\u00ednea con el estilo de los ni\u00f1os.<\/p>\n<p>Dise\u00f1o detallado: El cuerpo de la ropa tiene el peque\u00f1o logotipo ic\u00f3nico de la marca, que es muy reconocible; el proceso de acolchado permite que el relleno de algod\u00f3n se distribuya uniformemente, lo que es c\u00e1lido y no deja escapar f\u00e1cilmente el relleno.<\/p>\n<p>Calidez y practicidad: el relleno grueso + la tela a prueba de viento pueden resistir el fr\u00edo del invierno; detalles como pu\u00f1os y dobladillos pueden reducir las fugas de aire y proteger el calor de los ni\u00f1os.<\/p>","protected":false},"excerpt":{"rendered":"<p>Tejido: poli\u00e9ster 100%<\/p>\n<p>Tama\u00f1o: personalizado<\/p>\n<p>Color: Bloque de color<\/p>\n<p>Cantidad m\u00ednima de pedido: 500 piezas<\/p>","protected":false},"featured_media":4250,"template":"","meta":[],"product_brand":[],"product_cat":[181],"product_tag":[],"class_list":{"0":"post-4249","1":"product","2":"type-product","3":"status-publish","4":"has-post-thumbnail","6":"product_cat-boys-padded-jacket","8":"first","9":"instock","10":"shipping-taxable","11":"product-type-simple"},"_links":{"self":[{"href":"https:\/\/cciola-fashion.com\/es\/wp-json\/wp\/v2\/product\/4249","targetHints":{"allow":["GET"]}}],"collection":[{"href":"https:\/\/cciola-fashion.com\/es\/wp-json\/wp\/v2\/product"}],"about":[{"href":"https:\/\/cciola-fashion.com\/es\/wp-json\/wp\/v2\/types\/product"}],"version-history":[{"count":1,"href":"https:\/\/cciola-fashion.com\/es\/wp-json\/wp\/v2\/product\/4249\/revisions"}],"predecessor-version":[{"id":4252,"href":"https:\/\/cciola-fashion.com\/es\/wp-json\/wp\/v2\/product\/4249\/revisions\/4252"}],"wp:featuredmedia":[{"embeddable":true,"href":"https:\/\/cciola-fashion.com\/es\/wp-json\/wp\/v2\/media\/4250"}],"wp:attachment":[{"href":"https:\/\/cciola-fashion.com\/es\/wp-json\/wp\/v2\/media?parent=4249"}],"wp:term":[{"taxonomy":"product_brand","embeddable":true,"href":"https:\/\/cciola-fashion.com\/es\/wp-json\/wp\/v2\/product_brand?post=4249"},{"taxonomy":"product_cat","embeddable":true,"href":"https:\/\/cciola-fashion.com\/es\/wp-json\/wp\/v2\/product_cat?post=4249"},{"taxonomy":"product_tag","embeddable":true,"href":"https:\/\/cciola-fashion.com\/es\/wp-json\/wp\/v2\/product_tag?post=4249"}],"curies":[{"name":"wp","href":"https:\/\/api.w.org\/{rel}","templated":true}]}}