{"id":4241,"date":"2025-06-11T16:40:01","date_gmt":"2025-06-11T08:40:01","guid":{"rendered":"https:\/\/cciola-fashion.com\/?post_type=product&#038;p=4241"},"modified":"2025-06-11T16:40:01","modified_gmt":"2025-06-11T08:40:01","slug":"womens-linen-blazer","status":"publish","type":"product","link":"https:\/\/cciola-fashion.com\/es\/womens-linen-blazer.html","title":{"rendered":"Blazer de lino para mujer"},"content":{"rendered":"<p>Estilo: Corte cl\u00e1sico de traje, con solapa plana, l\u00edneas pulcras, holgura moderada y un estilo que no se ajusta a la figura. Ideal para ir al trabajo y ocasiones informales.<br \/>\nCarcasa: Material de lino, con textura natural, transpirable y c\u00f3modo, adecuado para primavera y verano.<br \/>\nDetalles: Tapeta de un solo bot\u00f3n de metal, simple y ordenada; hay bolsillos de parche en ambos lados, que son pr\u00e1cticos y visualmente equilibrados; el forro es de color s\u00f3lido, con mano de obra regular, el estilo general es discreto y de alta calidad, y se puede integrar f\u00e1cilmente en una variedad de estilos de vestir.<\/p>","protected":false},"excerpt":{"rendered":"<p>Color:rojo,cremoso,negro,etc.<\/p>\n<p>Tama\u00f1o: personalizado<\/p>\n<p>Cantidad m\u00ednima de pedido: 500 piezas<\/p>","protected":false},"featured_media":4242,"template":"","meta":[],"product_brand":[],"product_cat":[224],"product_tag":[],"class_list":{"0":"post-4241","1":"product","2":"type-product","3":"status-publish","4":"has-post-thumbnail","6":"product_cat-ladies-jacket-ladies-clothing-2","8":"first","9":"instock","10":"shipping-taxable","11":"product-type-simple"},"_links":{"self":[{"href":"https:\/\/cciola-fashion.com\/es\/wp-json\/wp\/v2\/product\/4241","targetHints":{"allow":["GET"]}}],"collection":[{"href":"https:\/\/cciola-fashion.com\/es\/wp-json\/wp\/v2\/product"}],"about":[{"href":"https:\/\/cciola-fashion.com\/es\/wp-json\/wp\/v2\/types\/product"}],"version-history":[{"count":1,"href":"https:\/\/cciola-fashion.com\/es\/wp-json\/wp\/v2\/product\/4241\/revisions"}],"predecessor-version":[{"id":4248,"href":"https:\/\/cciola-fashion.com\/es\/wp-json\/wp\/v2\/product\/4241\/revisions\/4248"}],"wp:featuredmedia":[{"embeddable":true,"href":"https:\/\/cciola-fashion.com\/es\/wp-json\/wp\/v2\/media\/4242"}],"wp:attachment":[{"href":"https:\/\/cciola-fashion.com\/es\/wp-json\/wp\/v2\/media?parent=4241"}],"wp:term":[{"taxonomy":"product_brand","embeddable":true,"href":"https:\/\/cciola-fashion.com\/es\/wp-json\/wp\/v2\/product_brand?post=4241"},{"taxonomy":"product_cat","embeddable":true,"href":"https:\/\/cciola-fashion.com\/es\/wp-json\/wp\/v2\/product_cat?post=4241"},{"taxonomy":"product_tag","embeddable":true,"href":"https:\/\/cciola-fashion.com\/es\/wp-json\/wp\/v2\/product_tag?post=4241"}],"curies":[{"name":"wp","href":"https:\/\/api.w.org\/{rel}","templated":true}]}}