{"id":4237,"date":"2025-06-11T16:10:18","date_gmt":"2025-06-11T08:10:18","guid":{"rendered":"https:\/\/cciola-fashion.com\/?post_type=product&#038;p=4237"},"modified":"2025-06-11T16:11:09","modified_gmt":"2025-06-11T08:11:09","slug":"colorblock-quilted-padding-vest","status":"publish","type":"product","link":"https:\/\/cciola-fashion.com\/es\/colorblock-quilted-padding-vest.html","title":{"rendered":"Chaleco acolchado con bloques de color"},"content":{"rendered":"<p>El dise\u00f1o general de este chaleco de algod\u00f3n es simple y deportivo:<br \/>\nEstilo: Es un estilo regular sin mangas con cuello alto, ordenado y generoso, f\u00e1cil de combinar en capas.<br \/>\nColor: El cuerpo principal es caqui claro, con rayas horizontales blancas y negras, y los colores contrastantes cl\u00e1sicos hacen que el estilo simple sea m\u00e1s atractivo visualmente.<br \/>\nDetalles: Tiene bolsillos en ambos lados, lo cual es muy pr\u00e1ctico.<br \/>\nTela: Estructura acolchada, relleno de algod\u00f3n en el interior, ligero y c\u00e1lido, adecuado para estaciones no demasiado fr\u00edas, como complemento de capas, adecuado para diversas escenas diarias.<\/p>","protected":false},"excerpt":{"rendered":"<p>Carcasa: nailon 100%N<\/p>\n<p>Tama\u00f1o: personalizado<\/p>\n<p>Color: personalizado<\/p>\n<p>Cantidad m\u00ednima de pedido: 500 piezas<\/p>","protected":false},"featured_media":4239,"template":"","meta":[],"product_brand":[],"product_cat":[169],"product_tag":[],"class_list":{"0":"post-4237","1":"product","2":"type-product","3":"status-publish","4":"has-post-thumbnail","6":"product_cat-mens-padded-jacket","8":"first","9":"instock","10":"shipping-taxable","11":"product-type-simple"},"_links":{"self":[{"href":"https:\/\/cciola-fashion.com\/es\/wp-json\/wp\/v2\/product\/4237","targetHints":{"allow":["GET"]}}],"collection":[{"href":"https:\/\/cciola-fashion.com\/es\/wp-json\/wp\/v2\/product"}],"about":[{"href":"https:\/\/cciola-fashion.com\/es\/wp-json\/wp\/v2\/types\/product"}],"version-history":[{"count":1,"href":"https:\/\/cciola-fashion.com\/es\/wp-json\/wp\/v2\/product\/4237\/revisions"}],"predecessor-version":[{"id":4238,"href":"https:\/\/cciola-fashion.com\/es\/wp-json\/wp\/v2\/product\/4237\/revisions\/4238"}],"wp:featuredmedia":[{"embeddable":true,"href":"https:\/\/cciola-fashion.com\/es\/wp-json\/wp\/v2\/media\/4239"}],"wp:attachment":[{"href":"https:\/\/cciola-fashion.com\/es\/wp-json\/wp\/v2\/media?parent=4237"}],"wp:term":[{"taxonomy":"product_brand","embeddable":true,"href":"https:\/\/cciola-fashion.com\/es\/wp-json\/wp\/v2\/product_brand?post=4237"},{"taxonomy":"product_cat","embeddable":true,"href":"https:\/\/cciola-fashion.com\/es\/wp-json\/wp\/v2\/product_cat?post=4237"},{"taxonomy":"product_tag","embeddable":true,"href":"https:\/\/cciola-fashion.com\/es\/wp-json\/wp\/v2\/product_tag?post=4237"}],"curies":[{"name":"wp","href":"https:\/\/api.w.org\/{rel}","templated":true}]}}