{"id":4232,"date":"2025-06-11T15:47:20","date_gmt":"2025-06-11T07:47:20","guid":{"rendered":"https:\/\/cciola-fashion.com\/?post_type=product&#038;p=4232"},"modified":"2025-06-11T15:48:29","modified_gmt":"2025-06-11T07:48:29","slug":"colorblock-hooded-pullover","status":"publish","type":"product","link":"https:\/\/cciola-fashion.com\/es\/colorblock-hooded-pullover.html","title":{"rendered":"Sudadera con capucha y bloques de color"},"content":{"rendered":"<p>Dise\u00f1o de la versi\u00f3n: Esta chaqueta presenta un corte holgado, lo que permite ajustar la capucha seg\u00fan sea necesario. La cremallera semiabierta facilita su colocaci\u00f3n y extracci\u00f3n, mientras que el cord\u00f3n del dobladillo se puede ajustar para adaptarse a diferentes situaciones.<br \/>\nCosturas de color: El color principal es beige claro, con costuras en bloque verde oscuro, que es retro y urbano, en l\u00ednea con las tendencias est\u00e9ticas actuales.<br \/>\nDetalles funcionales: el bolsillo grande en el pecho es a la vez de almacenamiento y decorativo, y el cierre a presi\u00f3n es conveniente para llevar art\u00edculos peque\u00f1os; la tela parece a prueba de viento e impermeable, adecuada para viajes al aire libre o diarios, pr\u00e1ctica y duradera.<br \/>\nLa combinaci\u00f3n general de estilo funcional al aire libre y tendencia informal se puede usar en la calle todos los d\u00edas y en entornos al aire libre ligeros, adecuados para una variedad de estilos de vestimenta.<\/p>","protected":false},"excerpt":{"rendered":"<p>Tejido exterior: poli\u00e9ster 100%;<\/p>\n<p>Color: personalizado<\/p>\n<p>Tama\u00f1o: personalizado<\/p>\n<p>Cantidad m\u00ednima de pedido: 500 piezas<\/p>","protected":false},"featured_media":4233,"template":"","meta":[],"product_brand":[],"product_cat":[37,170],"product_tag":[],"class_list":{"0":"post-4232","1":"product","2":"type-product","3":"status-publish","4":"has-post-thumbnail","6":"product_cat-mens-clothing","7":"product_cat-mens-jacket","9":"first","10":"instock","11":"shipping-taxable","12":"product-type-simple"},"_links":{"self":[{"href":"https:\/\/cciola-fashion.com\/es\/wp-json\/wp\/v2\/product\/4232","targetHints":{"allow":["GET"]}}],"collection":[{"href":"https:\/\/cciola-fashion.com\/es\/wp-json\/wp\/v2\/product"}],"about":[{"href":"https:\/\/cciola-fashion.com\/es\/wp-json\/wp\/v2\/types\/product"}],"version-history":[{"count":1,"href":"https:\/\/cciola-fashion.com\/es\/wp-json\/wp\/v2\/product\/4232\/revisions"}],"predecessor-version":[{"id":4235,"href":"https:\/\/cciola-fashion.com\/es\/wp-json\/wp\/v2\/product\/4232\/revisions\/4235"}],"wp:featuredmedia":[{"embeddable":true,"href":"https:\/\/cciola-fashion.com\/es\/wp-json\/wp\/v2\/media\/4233"}],"wp:attachment":[{"href":"https:\/\/cciola-fashion.com\/es\/wp-json\/wp\/v2\/media?parent=4232"}],"wp:term":[{"taxonomy":"product_brand","embeddable":true,"href":"https:\/\/cciola-fashion.com\/es\/wp-json\/wp\/v2\/product_brand?post=4232"},{"taxonomy":"product_cat","embeddable":true,"href":"https:\/\/cciola-fashion.com\/es\/wp-json\/wp\/v2\/product_cat?post=4232"},{"taxonomy":"product_tag","embeddable":true,"href":"https:\/\/cciola-fashion.com\/es\/wp-json\/wp\/v2\/product_tag?post=4232"}],"curies":[{"name":"wp","href":"https:\/\/api.w.org\/{rel}","templated":true}]}}