{"id":4023,"date":"2025-05-09T16:59:32","date_gmt":"2025-05-09T08:59:32","guid":{"rendered":"https:\/\/cciola-fashion.com\/product\/boys-hooded-romper-with-coral-plush-manufacturer\/"},"modified":"2025-05-12T17:04:06","modified_gmt":"2025-05-12T09:04:06","slug":"fabricante-de-mono-con-capucha-para-ninos-con-peluche-coral","status":"publish","type":"product","link":"https:\/\/cciola-fashion.com\/es\/pelele-con-capucha-para-nino-con-peluche-coral-fabricante-html","title":{"rendered":"Mono con capucha y felpa coral para ni\u00f1o"},"content":{"rendered":"<p>Este mono con capucha para beb\u00e9 tiene un forro polar en el interior para abrigar la cabeza del beb\u00e9. Tiene un peque\u00f1o bolsillo en el pecho izquierdo, decorado con polar marr\u00f3n que le da un toque adorable, y la cremallera es de una sola pieza, \u00a1as\u00ed que es f\u00e1cil de poner y quitar!<\/p>","protected":false},"excerpt":{"rendered":"<p>\u00a1El mono es tan lindo, con relleno de polar en el forro, pu\u00f1os, dobladillo y bolsillo, lo que no solo lo hace lucir tan lindo como un osito de peluche, sino que tambi\u00e9n le agrega calidez!<\/p>","protected":false},"featured_media":4063,"template":"","meta":[],"product_brand":[],"product_cat":[264],"product_tag":[265],"class_list":{"0":"post-4023","1":"product","2":"type-product","3":"status-publish","4":"has-post-thumbnail","6":"product_cat-boys-suit","7":"product_tag-boys-hooded-romper-with-coral-plush-manufacturer-2","9":"first","10":"instock","11":"shipping-taxable","12":"product-type-simple"},"_links":{"self":[{"href":"https:\/\/cciola-fashion.com\/es\/wp-json\/wp\/v2\/product\/4023","targetHints":{"allow":["GET"]}}],"collection":[{"href":"https:\/\/cciola-fashion.com\/es\/wp-json\/wp\/v2\/product"}],"about":[{"href":"https:\/\/cciola-fashion.com\/es\/wp-json\/wp\/v2\/types\/product"}],"version-history":[{"count":1,"href":"https:\/\/cciola-fashion.com\/es\/wp-json\/wp\/v2\/product\/4023\/revisions"}],"predecessor-version":[{"id":4068,"href":"https:\/\/cciola-fashion.com\/es\/wp-json\/wp\/v2\/product\/4023\/revisions\/4068"}],"wp:featuredmedia":[{"embeddable":true,"href":"https:\/\/cciola-fashion.com\/es\/wp-json\/wp\/v2\/media\/4063"}],"wp:attachment":[{"href":"https:\/\/cciola-fashion.com\/es\/wp-json\/wp\/v2\/media?parent=4023"}],"wp:term":[{"taxonomy":"product_brand","embeddable":true,"href":"https:\/\/cciola-fashion.com\/es\/wp-json\/wp\/v2\/product_brand?post=4023"},{"taxonomy":"product_cat","embeddable":true,"href":"https:\/\/cciola-fashion.com\/es\/wp-json\/wp\/v2\/product_cat?post=4023"},{"taxonomy":"product_tag","embeddable":true,"href":"https:\/\/cciola-fashion.com\/es\/wp-json\/wp\/v2\/product_tag?post=4023"}],"curies":[{"name":"wp","href":"https:\/\/api.w.org\/{rel}","templated":true}]}}